{"id":4564,"date":"2023-03-24T14:37:11","date_gmt":"2023-03-24T13:37:11","guid":{"rendered":"https:\/\/tinovachem.ch\/?page_id=4564"},"modified":"2023-04-05T16:55:53","modified_gmt":"2023-04-05T14:55:53","slug":"afterwash","status":"publish","type":"page","link":"https:\/\/tinovachem.ch\/fr\/produits\/gestion-des-fuites\/absorbants-pour-produits-chimiques\/afterwash\/","title":{"rendered":"Afterwash II\u00ae"},"content":{"rendered":"<p>[et_pb_section fb_built=\u00a0\u00bb1&Prime; fullwidth=\u00a0\u00bbon\u00a0\u00bb _builder_version=\u00a0\u00bb4.20.2&Prime; _module_preset=\u00a0\u00bbdefault\u00a0\u00bb background_image=\u00a0\u00bbhttps:\/\/tinovachem.ch\/wp-content\/uploads\/2022\/09\/tichem-website_banner_augenspuelung-2_2000x1333px.jpg\u00a0\u00bb custom_padding=\u00a0\u00bb0px||0px||false|false\u00a0\u00bb hover_enabled=\u00a0\u00bb0&Prime; locked=\u00a0\u00bboff\u00a0\u00bb global_colors_info=\u00a0\u00bb{}\u00a0\u00bb alt=\u00a0\u00bblav&rsquo;oeil \u00a0\u00bb title_text=\u00a0\u00bblav&rsquo;oeil \u00a0\u00bb sticky_enabled=\u00a0\u00bb0&Prime;][et_pb_fullwidth_slider show_image_video_mobile=\u00a0\u00bbon\u00a0\u00bb module_class=\u00a0\u00bbbkmi-slider\u00a0\u00bb _builder_version=\u00a0\u00bb4.17.5&Prime; _module_preset=\u00a0\u00bbdefault\u00a0\u00bb header_level=\u00a0\u00bbh1&Prime; min_height=\u00a0\u00bb500px\u00a0\u00bb height=\u00a0\u00bb500px\u00a0\u00bb max_height=\u00a0\u00bb500px\u00a0\u00bb custom_padding=\u00a0\u00bb100px||100px||false|false\u00a0\u00bb auto=\u00a0\u00bbon\u00a0\u00bb auto_ignore_hover=\u00a0\u00bbon\u00a0\u00bb hover_enabled=\u00a0\u00bb0&Prime; global_colors_info=\u00a0\u00bb{}\u00a0\u00bb sticky_enabled=\u00a0\u00bb0&Prime;][\/et_pb_fullwidth_slider][\/et_pb_section][et_pb_section fb_built=\u00a0\u00bb1&Prime; module_id=\u00a0\u00bbdivi-sticky-header\u00a0\u00bb _builder_version=\u00a0\u00bb4.16&Prime; _module_preset=\u00a0\u00bbdefault\u00a0\u00bb background_enable_color=\u00a0\u00bboff\u00a0\u00bb custom_padding=\u00a0\u00bb0px||0px||false|false\u00a0\u00bb locked=\u00a0\u00bboff\u00a0\u00bb global_colors_info=\u00a0\u00bb{}\u00a0\u00bb][et_pb_row _builder_version=\u00a0\u00bb4.16&Prime; _module_preset=\u00a0\u00bbdefault\u00a0\u00bb module_alignment=\u00a0\u00bbcenter\u00a0\u00bb custom_padding=\u00a0\u00bb10px|0px|10px|0px|false|false\u00a0\u00bb global_colors_info=\u00a0\u00bb{}\u00a0\u00bb][et_pb_column type=\u00a0\u00bb4_4&Prime; _builder_version=\u00a0\u00bb4.16&Prime; _module_preset=\u00a0\u00bbdefault\u00a0\u00bb global_colors_info=\u00a0\u00bb{}\u00a0\u00bb][lwp_divi_breadcrumbs font_icon=\u00a0\u00bb&#x35;||divi||400&Prime; _builder_version=\u00a0\u00bb4.16&Prime; _module_preset=\u00a0\u00bbdefault\u00a0\u00bb global_colors_info=\u00a0\u00bb{}\u00a0\u00bb][\/lwp_divi_breadcrumbs][\/et_pb_column][\/et_pb_row][\/et_pb_section][et_pb_section fb_built=\u00a0\u00bb1&Prime; _builder_version=\u00a0\u00bb4.16&Prime; _module_preset=\u00a0\u00bbdefault\u00a0\u00bb background_color=\u00a0\u00bbrgba(0,0,0,0.05)\u00a0\u00bb global_colors_info=\u00a0\u00bb{}\u00a0\u00bb body_font_size_phone=\u00a0\u00bb18px\u00a0\u00bb body_font_size_last_edited=\u00a0\u00bbon|phone\u00a0\u00bb][et_pb_row _builder_version=\u00a0\u00bb4.17.5&Prime; _module_preset=\u00a0\u00bbdefault\u00a0\u00bb global_colors_info=\u00a0\u00bb{}\u00a0\u00bb][et_pb_column type=\u00a0\u00bb4_4&Prime; _builder_version=\u00a0\u00bb4.17.5&Prime; _module_preset=\u00a0\u00bbdefault\u00a0\u00bb global_colors_info=\u00a0\u00bb{}\u00a0\u00bb][et_pb_image src=\u00a0\u00bbhttps:\/\/tinovachem.ch\/wp-content\/uploads\/2021\/02\/ti_symbol_web.svg\u00a0\u00bb title_text=\u00a0\u00bbti_symbol_web\u00a0\u00bb _builder_version=\u00a0\u00bb4.16&Prime; _module_preset=\u00a0\u00bbdefault\u00a0\u00bb max_width=\u00a0\u00bb80px\u00a0\u00bb global_colors_info=\u00a0\u00bb{}\u00a0\u00bb][\/et_pb_image][et_pb_text _builder_version=\u00a0\u00bb4.20.2&Prime; _module_preset=\u00a0\u00bbdefault\u00a0\u00bb text_font=\u00a0\u00bb|300|||||||\u00a0\u00bb text_font_size=\u00a0\u00bb20px\u00a0\u00bb text_line_height=\u00a0\u00bb1.75em\u00a0\u00bb header_font=\u00a0\u00bbOswald|300|||||||\u00a0\u00bb header_font_size=\u00a0\u00bb60px\u00a0\u00bb header_letter_spacing=\u00a0\u00bb1px\u00a0\u00bb header_line_height=\u00a0\u00bb1.2em\u00a0\u00bb hover_enabled=\u00a0\u00bb0&Prime; text_font_size_tablet=\u00a0\u00bb\u00a0\u00bb text_font_size_phone=\u00a0\u00bb18px\u00a0\u00bb text_font_size_last_edited=\u00a0\u00bbon|tablet\u00a0\u00bb header_font_size_tablet=\u00a0\u00bb50px\u00a0\u00bb header_font_size_phone=\u00a0\u00bb40px\u00a0\u00bb header_font_size_last_edited=\u00a0\u00bbon|desktop\u00a0\u00bb global_colors_info=\u00a0\u00bb{}\u00a0\u00bb sticky_enabled=\u00a0\u00bb0&Prime;]<\/p>\n<h1>Afterwash II\u00ae &#8211; Apr\u00e8s un rin\u00e7age oculaire<\/h1>\n<p>Avec Afterwash II\u00ae, les yeux sont apais\u00e9s apr\u00e8s la p\u00e9n\u00e9tration d&rsquo;une substance dangereuse et un rin\u00e7age intensif avec la solution Diphot\u00e9rine\u00ae ou Hexafluorine\u00ae.<\/p>\n<p>&nbsp;<\/p>\n<h2>Avantages d&rsquo;Afterwash II<\/h2>\n<ul>\n<li>Solution isotonique<\/li>\n<li>St\u00e9rile<\/li>\n<li>Protocole d&rsquo;utilisation clair<\/li>\n<li>Classe m\u00e9dicale Ila, peut \u00eatre utilis\u00e9e sur une peau et des yeux endommag\u00e9s  <\/li>\n<li>Conforme \u00e0 la norme EN 15154-4  <\/li>\n<\/ul>\n<p>&nbsp;<\/p>\n<h2>Rin\u00e7age isotonique et st\u00e9rile<\/h2>\n<p>Avec Afterwash II\u00ae, l&rsquo;\u0153il retrouve son \u00e9tat normal apr\u00e8s l&rsquo;application de Diphot\u00e9rine\u00ae ou d&rsquo;Hexafluorine\u00ae de la mani\u00e8re la plus douce possible.  <\/p>\n<p>&nbsp;<\/p>\n<h2>Irritation d\u00e9sagr\u00e9able de l&rsquo;\u0153il<\/h2>\n<p>La sensation d&rsquo;irritation est att\u00e9nu\u00e9e par Afterwash II\u00ae, ce qui \u00e9vite \u00e0 la personne de se frotter l&rsquo;\u0153il apr\u00e8s une contamination.  <\/p>\n<p>&nbsp;<\/p>\n<h2>Afterwash II\u00ae &#8211; Rin\u00e7age pour les substances non dangereuses<\/h2>\n<p>Afterwash II\u00ae peut \u00e9galement \u00eatre utilis\u00e9 comme solution de rin\u00e7age pour les substances non dangereuses comme la poussi\u00e8re.<br \/>\n[\/et_pb_text][\/et_pb_column][\/et_pb_row][\/et_pb_section][et_pb_section fb_built=\u00a0\u00bb1&Prime; _builder_version=\u00a0\u00bb4.17.5&Prime; _module_preset=\u00a0\u00bbdefault\u00a0\u00bb global_colors_info=\u00a0\u00bb{}\u00a0\u00bb][et_pb_row _builder_version=\u00a0\u00bb4.17.5&Prime; _module_preset=\u00a0\u00bbdefault\u00a0\u00bb global_colors_info=\u00a0\u00bb{}\u00a0\u00bb][et_pb_column type=\u00a0\u00bb4_4&Prime; _builder_version=\u00a0\u00bb4.17.5&Prime; _module_preset=\u00a0\u00bbdefault\u00a0\u00bb global_colors_info=\u00a0\u00bb{}\u00a0\u00bb][et_pb_text _builder_version=\u00a0\u00bb4.20.2&Prime; _module_preset=\u00a0\u00bbdefault\u00a0\u00bb hover_enabled=\u00a0\u00bb0&Prime; global_colors_info=\u00a0\u00bb{}\u00a0\u00bb sticky_enabled=\u00a0\u00bb0&Prime;]<\/p>\n<h2>Les unit\u00e9s d&#8217;emballage d&rsquo;Afterwash II\u00ae<\/h2>\n<p>[\/et_pb_text][\/et_pb_column][\/et_pb_row][et_pb_row column_structure=\u00a0\u00bb1_3,1_3,1_3&Prime; _builder_version=\u00a0\u00bb4.17.5&Prime; _module_preset=\u00a0\u00bbdefault\u00a0\u00bb global_colors_info=\u00a0\u00bb{}\u00a0\u00bb][et_pb_column type=\u00a0\u00bb1_3&Prime; _builder_version=\u00a0\u00bb4.17.5&Prime; _module_preset=\u00a0\u00bbdefault\u00a0\u00bb global_colors_info=\u00a0\u00bb{}\u00a0\u00bb][et_pb_image src=\u00a0\u00bbhttps:\/\/tinovachem.ch\/wp-content\/uploads\/2023\/01\/augennachspuelung-afterwash-200ml.jpg\u00a0\u00bb alt=\u00a0\u00bblav-oeil-rincage-afterwash-200ml\u00a0\u00bb title_text=\u00a0\u00bblav-oeil-rincage-afterwash-200ml\u00a0\u00bb url=\u00a0\u00bbhttps:\/\/shop.tinovachem.ch\/fr\/douche-oculaire\/6341-lav-oeil-rincage-afterwash-200ml.html\u00a0\u00bb url_new_window=\u00a0\u00bbon\u00a0\u00bb _builder_version=\u00a0\u00bb4.20.2&Prime; _module_preset=\u00a0\u00bbdefault\u00a0\u00bb hover_enabled=\u00a0\u00bb0&Prime; global_colors_info=\u00a0\u00bb{}\u00a0\u00bb sticky_enabled=\u00a0\u00bb0&Prime;][\/et_pb_image][\/et_pb_column][et_pb_column type=\u00a0\u00bb1_3&Prime; _builder_version=\u00a0\u00bb4.17.5&Prime; _module_preset=\u00a0\u00bbdefault\u00a0\u00bb global_colors_info=\u00a0\u00bb{}\u00a0\u00bb][\/et_pb_column][et_pb_column type=\u00a0\u00bb1_3&Prime; _builder_version=\u00a0\u00bb4.17.5&Prime; _module_preset=\u00a0\u00bbdefault\u00a0\u00bb global_colors_info=\u00a0\u00bb{}\u00a0\u00bb][\/et_pb_column][\/et_pb_row][et_pb_row column_structure=\u00a0\u00bb1_3,1_3,1_3&Prime; _builder_version=\u00a0\u00bb4.17.5&Prime; _module_preset=\u00a0\u00bbdefault\u00a0\u00bb global_colors_info=\u00a0\u00bb{}\u00a0\u00bb][et_pb_column type=\u00a0\u00bb1_3&Prime; _builder_version=\u00a0\u00bb4.17.5&Prime; _module_preset=\u00a0\u00bbdefault\u00a0\u00bb global_colors_info=\u00a0\u00bb{}\u00a0\u00bb][et_pb_text _builder_version=\u00a0\u00bb4.20.2&Prime; _module_preset=\u00a0\u00bbdefault\u00a0\u00bb hover_enabled=\u00a0\u00bb0&Prime; global_colors_info=\u00a0\u00bb{}\u00a0\u00bb sticky_enabled=\u00a0\u00bb0&Prime;]<\/p>\n<p style=\"text-align: center;\"><a href=\"https:\/\/shop.tinovachem.ch\/fr\/douche-oculaire\/6341-lav-oeil-rincage-afterwash-200ml.html\" target=\"_blank\" rel=\"noopener\" title=\"Lav'\u0153il rin\u00e7age Afterwash\u00ae, 200 ml\n \"><span data-contrast=\"none\" xml:lang=\"DE-CH\" lang=\"DE-CH\" class=\"TextRun SCXW154513459 BCX9\"><span class=\"NormalTextRun SCXW154513459 BCX9\">Lav&rsquo;\u0153il rin\u00e7age Afterwash\u00ae, 200 ml<\/span><\/span><\/a><\/p>\n<p>[\/et_pb_text][\/et_pb_column][et_pb_column type=\u00a0\u00bb1_3&Prime; _builder_version=\u00a0\u00bb4.17.5&Prime; _module_preset=\u00a0\u00bbdefault\u00a0\u00bb global_colors_info=\u00a0\u00bb{}\u00a0\u00bb][\/et_pb_column][et_pb_column type=\u00a0\u00bb1_3&Prime; _builder_version=\u00a0\u00bb4.17.5&Prime; _module_preset=\u00a0\u00bbdefault\u00a0\u00bb global_colors_info=\u00a0\u00bb{}\u00a0\u00bb][\/et_pb_column][\/et_pb_row][\/et_pb_section]<\/p>\n","protected":false},"excerpt":{"rendered":"<p><div class=\"et_pb_module lwp_divi_breadcrumbs lwp_divi_breadcrumbs_0\">\n\t\t\t\t\n\t\t\t\t\n\t\t\t\t\n\t\t\t\t\n\t\t\t\t\n\t\t\t\t\n\t\t\t\t<div class=\"et_pb_module_inner\">\n\t\t\t\t\t<div class=\"lwp-breadcrumbs\"> <span class=\"before\"><\/span> <span vocab=\"https:\/\/schema.org\/\" typeof=\"BreadcrumbList\"><span property=\"itemListElement\" typeof=\"ListItem\"><a property=\"item\" typeof=\"WebPage\" href=\"https:\/\/tinovachem.ch\/fr\/\" class=\"home\"><span property=\"name\">Home<\/span><\/a><meta property=\"position\" content=\"1\"><\/span> <span class=\"separator et-pb-icon\">5<\/span> <\/span><\/div>\n\t\t\t\t<\/div>\n\t\t\t<\/div>Afterwash II\u00ae &#8211; Apr\u00e8s un rin\u00e7age oculaire Avec Afterwash II\u00ae, les yeux sont apais\u00e9s apr\u00e8s la p\u00e9n\u00e9tration d&rsquo;une substance dangereuse et un rin\u00e7age intensif avec la solution Diphot\u00e9rine\u00ae ou Hexafluorine\u00ae. &nbsp; Avantages d&rsquo;Afterwash II Solution isotonique St\u00e9rile Protocole d&rsquo;utilisation clair Classe m\u00e9dicale Ila, peut \u00eatre utilis\u00e9e sur une peau et des [&hellip;]<\/p>\n","protected":false},"author":7,"featured_media":0,"parent":2561,"menu_order":0,"comment_status":"closed","ping_status":"closed","template":"","meta":{"_acf_changed":false,"_et_pb_use_builder":"on","_et_pb_old_content":"","_et_gb_content_width":"","footnotes":""},"class_list":["post-4564","page","type-page","status-publish","hentry"],"acf":[],"yoast_head":"<!-- This site is optimized with the Yoast SEO plugin v25.2 - https:\/\/yoast.com\/wordpress\/plugins\/seo\/ -->\n<title>Afterwash II\u00ae - Tinovachem<\/title>\n<meta name=\"description\" content=\"Mit dem neutralisierenden Chemikalienbinder Acicaptal\u00ae sind Sie gegen Versch\u00fcttungen von s\u00e4urehaltigen Gefahrstoffen ger\u00fcstet.\" \/>\n<meta name=\"robots\" content=\"index, nofollow, max-snippet:-1, max-image-preview:large, max-video-preview:-1\" \/>\n<link rel=\"canonical\" href=\"https:\/\/tinovachem.ch\/fr\/produits\/gestion-des-fuites\/absorbants-pour-produits-chimiques\/afterwash\/\" \/>\n<meta property=\"og:locale\" content=\"fr_FR\" \/>\n<meta property=\"og:type\" content=\"article\" \/>\n<meta property=\"og:title\" content=\"Afterwash II\u00ae - Tinovachem\" \/>\n<meta property=\"og:description\" content=\"Mit dem neutralisierenden Chemikalienbinder Acicaptal\u00ae sind Sie gegen Versch\u00fcttungen von s\u00e4urehaltigen Gefahrstoffen ger\u00fcstet.\" \/>\n<meta property=\"og:url\" content=\"https:\/\/tinovachem.ch\/fr\/produits\/gestion-des-fuites\/absorbants-pour-produits-chimiques\/afterwash\/\" \/>\n<meta property=\"og:site_name\" content=\"Tinovachem\" \/>\n<meta property=\"article:modified_time\" content=\"2023-04-05T14:55:53+00:00\" \/>\n<meta name=\"twitter:card\" content=\"summary_large_image\" \/>\n<meta name=\"twitter:label1\" content=\"Dur\u00e9e de lecture estim\u00e9e\" \/>\n\t<meta name=\"twitter:data1\" content=\"6 minutes\" \/>\n<script type=\"application\/ld+json\" class=\"yoast-schema-graph\">{\"@context\":\"https:\/\/schema.org\",\"@graph\":[{\"@type\":\"WebPage\",\"@id\":\"https:\/\/tinovachem.ch\/fr\/produits\/gestion-des-fuites\/absorbants-pour-produits-chimiques\/afterwash\/\",\"url\":\"https:\/\/tinovachem.ch\/fr\/produits\/gestion-des-fuites\/absorbants-pour-produits-chimiques\/afterwash\/\",\"name\":\"Afterwash II\u00ae - Tinovachem\",\"isPartOf\":{\"@id\":\"https:\/\/tinovachem.ch\/fr\/#website\"},\"datePublished\":\"2023-03-24T13:37:11+00:00\",\"dateModified\":\"2023-04-05T14:55:53+00:00\",\"description\":\"Mit dem neutralisierenden Chemikalienbinder Acicaptal\u00ae sind Sie gegen Versch\u00fcttungen von s\u00e4urehaltigen Gefahrstoffen ger\u00fcstet.\",\"breadcrumb\":{\"@id\":\"https:\/\/tinovachem.ch\/fr\/produits\/gestion-des-fuites\/absorbants-pour-produits-chimiques\/afterwash\/#breadcrumb\"},\"inLanguage\":\"fr-FR\",\"potentialAction\":[{\"@type\":\"ReadAction\",\"target\":[\"https:\/\/tinovachem.ch\/fr\/produits\/gestion-des-fuites\/absorbants-pour-produits-chimiques\/afterwash\/\"]}]},{\"@type\":\"BreadcrumbList\",\"@id\":\"https:\/\/tinovachem.ch\/fr\/produits\/gestion-des-fuites\/absorbants-pour-produits-chimiques\/afterwash\/#breadcrumb\",\"itemListElement\":[{\"@type\":\"ListItem\",\"position\":1,\"name\":\"Startseite\",\"item\":\"https:\/\/tinovachem.ch\/fr\/\"},{\"@type\":\"ListItem\",\"position\":2,\"name\":\"Produits\",\"item\":\"https:\/\/tinovachem.ch\/fr\/produits\/\"},{\"@type\":\"ListItem\",\"position\":3,\"name\":\"Gestion des fuites\",\"item\":\"https:\/\/tinovachem.ch\/fr\/produits\/gestion-des-fuites\/\"},{\"@type\":\"ListItem\",\"position\":4,\"name\":\"Absorbants pour produits chimiques\",\"item\":\"https:\/\/tinovachem.ch\/fr\/produits\/gestion-des-fuites\/absorbants-pour-produits-chimiques\/\"},{\"@type\":\"ListItem\",\"position\":5,\"name\":\"Afterwash II\u00ae\"}]},{\"@type\":\"WebSite\",\"@id\":\"https:\/\/tinovachem.ch\/fr\/#website\",\"url\":\"https:\/\/tinovachem.ch\/fr\/\",\"name\":\"Tinovachem\",\"description\":\"\",\"potentialAction\":[{\"@type\":\"SearchAction\",\"target\":{\"@type\":\"EntryPoint\",\"urlTemplate\":\"https:\/\/tinovachem.ch\/fr\/?s={search_term_string}\"},\"query-input\":{\"@type\":\"PropertyValueSpecification\",\"valueRequired\":true,\"valueName\":\"search_term_string\"}}],\"inLanguage\":\"fr-FR\"}]}<\/script>\n<!-- \/ Yoast SEO plugin. -->","yoast_head_json":{"title":"Afterwash II\u00ae - Tinovachem","description":"Mit dem neutralisierenden Chemikalienbinder Acicaptal\u00ae sind Sie gegen Versch\u00fcttungen von s\u00e4urehaltigen Gefahrstoffen ger\u00fcstet.","robots":{"index":"index","follow":"nofollow","max-snippet":"max-snippet:-1","max-image-preview":"max-image-preview:large","max-video-preview":"max-video-preview:-1"},"canonical":"https:\/\/tinovachem.ch\/fr\/produits\/gestion-des-fuites\/absorbants-pour-produits-chimiques\/afterwash\/","og_locale":"fr_FR","og_type":"article","og_title":"Afterwash II\u00ae - Tinovachem","og_description":"Mit dem neutralisierenden Chemikalienbinder Acicaptal\u00ae sind Sie gegen Versch\u00fcttungen von s\u00e4urehaltigen Gefahrstoffen ger\u00fcstet.","og_url":"https:\/\/tinovachem.ch\/fr\/produits\/gestion-des-fuites\/absorbants-pour-produits-chimiques\/afterwash\/","og_site_name":"Tinovachem","article_modified_time":"2023-04-05T14:55:53+00:00","twitter_card":"summary_large_image","twitter_misc":{"Dur\u00e9e de lecture estim\u00e9e":"6 minutes"},"schema":{"@context":"https:\/\/schema.org","@graph":[{"@type":"WebPage","@id":"https:\/\/tinovachem.ch\/fr\/produits\/gestion-des-fuites\/absorbants-pour-produits-chimiques\/afterwash\/","url":"https:\/\/tinovachem.ch\/fr\/produits\/gestion-des-fuites\/absorbants-pour-produits-chimiques\/afterwash\/","name":"Afterwash II\u00ae - Tinovachem","isPartOf":{"@id":"https:\/\/tinovachem.ch\/fr\/#website"},"datePublished":"2023-03-24T13:37:11+00:00","dateModified":"2023-04-05T14:55:53+00:00","description":"Mit dem neutralisierenden Chemikalienbinder Acicaptal\u00ae sind Sie gegen Versch\u00fcttungen von s\u00e4urehaltigen Gefahrstoffen ger\u00fcstet.","breadcrumb":{"@id":"https:\/\/tinovachem.ch\/fr\/produits\/gestion-des-fuites\/absorbants-pour-produits-chimiques\/afterwash\/#breadcrumb"},"inLanguage":"fr-FR","potentialAction":[{"@type":"ReadAction","target":["https:\/\/tinovachem.ch\/fr\/produits\/gestion-des-fuites\/absorbants-pour-produits-chimiques\/afterwash\/"]}]},{"@type":"BreadcrumbList","@id":"https:\/\/tinovachem.ch\/fr\/produits\/gestion-des-fuites\/absorbants-pour-produits-chimiques\/afterwash\/#breadcrumb","itemListElement":[{"@type":"ListItem","position":1,"name":"Startseite","item":"https:\/\/tinovachem.ch\/fr\/"},{"@type":"ListItem","position":2,"name":"Produits","item":"https:\/\/tinovachem.ch\/fr\/produits\/"},{"@type":"ListItem","position":3,"name":"Gestion des fuites","item":"https:\/\/tinovachem.ch\/fr\/produits\/gestion-des-fuites\/"},{"@type":"ListItem","position":4,"name":"Absorbants pour produits chimiques","item":"https:\/\/tinovachem.ch\/fr\/produits\/gestion-des-fuites\/absorbants-pour-produits-chimiques\/"},{"@type":"ListItem","position":5,"name":"Afterwash II\u00ae"}]},{"@type":"WebSite","@id":"https:\/\/tinovachem.ch\/fr\/#website","url":"https:\/\/tinovachem.ch\/fr\/","name":"Tinovachem","description":"","potentialAction":[{"@type":"SearchAction","target":{"@type":"EntryPoint","urlTemplate":"https:\/\/tinovachem.ch\/fr\/?s={search_term_string}"},"query-input":{"@type":"PropertyValueSpecification","valueRequired":true,"valueName":"search_term_string"}}],"inLanguage":"fr-FR"}]}},"_links":{"self":[{"href":"https:\/\/tinovachem.ch\/fr\/wp-json\/wp\/v2\/pages\/4564"}],"collection":[{"href":"https:\/\/tinovachem.ch\/fr\/wp-json\/wp\/v2\/pages"}],"about":[{"href":"https:\/\/tinovachem.ch\/fr\/wp-json\/wp\/v2\/types\/page"}],"author":[{"embeddable":true,"href":"https:\/\/tinovachem.ch\/fr\/wp-json\/wp\/v2\/users\/7"}],"replies":[{"embeddable":true,"href":"https:\/\/tinovachem.ch\/fr\/wp-json\/wp\/v2\/comments?post=4564"}],"version-history":[{"count":7,"href":"https:\/\/tinovachem.ch\/fr\/wp-json\/wp\/v2\/pages\/4564\/revisions"}],"predecessor-version":[{"id":5255,"href":"https:\/\/tinovachem.ch\/fr\/wp-json\/wp\/v2\/pages\/4564\/revisions\/5255"}],"up":[{"embeddable":true,"href":"https:\/\/tinovachem.ch\/fr\/wp-json\/wp\/v2\/pages\/2561"}],"wp:attachment":[{"href":"https:\/\/tinovachem.ch\/fr\/wp-json\/wp\/v2\/media?parent=4564"}],"curies":[{"name":"wp","href":"https:\/\/api.w.org\/{rel}","templated":true}]}}