{"id":2624,"date":"2023-03-23T15:42:58","date_gmt":"2023-03-23T15:42:58","guid":{"rendered":"https:\/\/tinovachem.ch\/?page_id=2624"},"modified":"2023-04-04T14:18:13","modified_gmt":"2023-04-04T12:18:13","slug":"lunettes-de-protection","status":"publish","type":"page","link":"https:\/\/tinovachem.ch\/fr\/produits\/equipement-de-protection-individuelle\/lunettes-de-protection\/","title":{"rendered":"Lunettes de protection"},"content":{"rendered":"<p>[et_pb_section fb_built=\u00a0\u00bb1&Prime; fullwidth=\u00a0\u00bbon\u00a0\u00bb _builder_version=\u00a0\u00bb4.17.5&Prime; _module_preset=\u00a0\u00bbdefault\u00a0\u00bb background_image=\u00a0\u00bbhttps:\/\/tinovachem.ch\/wp-content\/uploads\/2022\/09\/tichem-website_schutzbrillen_2000x1333px.jpg\u00a0\u00bb custom_padding=\u00a0\u00bb0px||0px||false|false\u00a0\u00bb locked=\u00a0\u00bboff\u00a0\u00bb global_colors_info=\u00a0\u00bb{}\u00a0\u00bb][et_pb_fullwidth_slider show_image_video_mobile=\u00a0\u00bbon\u00a0\u00bb module_class=\u00a0\u00bbbkmi-slider\u00a0\u00bb _builder_version=\u00a0\u00bb4.17.5&Prime; _module_preset=\u00a0\u00bbdefault\u00a0\u00bb header_level=\u00a0\u00bbh1&Prime; min_height=\u00a0\u00bb500px\u00a0\u00bb height=\u00a0\u00bb500px\u00a0\u00bb max_height=\u00a0\u00bb500px\u00a0\u00bb custom_padding=\u00a0\u00bb100px||100px||false|false\u00a0\u00bb auto=\u00a0\u00bbon\u00a0\u00bb auto_ignore_hover=\u00a0\u00bbon\u00a0\u00bb global_colors_info=\u00a0\u00bb{}\u00a0\u00bb][\/et_pb_fullwidth_slider][\/et_pb_section][et_pb_section fb_built=\u00a0\u00bb1&Prime; module_id=\u00a0\u00bbdivi-sticky-header\u00a0\u00bb _builder_version=\u00a0\u00bb4.16&Prime; _module_preset=\u00a0\u00bbdefault\u00a0\u00bb background_enable_color=\u00a0\u00bboff\u00a0\u00bb custom_padding=\u00a0\u00bb0px||0px||false|false\u00a0\u00bb locked=\u00a0\u00bboff\u00a0\u00bb global_colors_info=\u00a0\u00bb{}\u00a0\u00bb][et_pb_row _builder_version=\u00a0\u00bb4.16&Prime; _module_preset=\u00a0\u00bbdefault\u00a0\u00bb module_alignment=\u00a0\u00bbcenter\u00a0\u00bb custom_padding=\u00a0\u00bb10px|0px|10px|0px|false|false\u00a0\u00bb global_colors_info=\u00a0\u00bb{}\u00a0\u00bb][et_pb_column type=\u00a0\u00bb4_4&Prime; _builder_version=\u00a0\u00bb4.16&Prime; _module_preset=\u00a0\u00bbdefault\u00a0\u00bb global_colors_info=\u00a0\u00bb{}\u00a0\u00bb][lwp_divi_breadcrumbs font_icon=\u00a0\u00bb&#x35;||divi||400&Prime; _builder_version=\u00a0\u00bb4.16&Prime; _module_preset=\u00a0\u00bbdefault\u00a0\u00bb global_colors_info=\u00a0\u00bb{}\u00a0\u00bb][\/lwp_divi_breadcrumbs][\/et_pb_column][\/et_pb_row][\/et_pb_section][et_pb_section fb_built=\u00a0\u00bb1&Prime; _builder_version=\u00a0\u00bb4.16&Prime; _module_preset=\u00a0\u00bbdefault\u00a0\u00bb background_color=\u00a0\u00bbrgba(0,0,0,0.05)\u00a0\u00bb global_colors_info=\u00a0\u00bb{}\u00a0\u00bb body_font_size_phone=\u00a0\u00bb18px\u00a0\u00bb body_font_size_last_edited=\u00a0\u00bbon|phone\u00a0\u00bb][et_pb_row _builder_version=\u00a0\u00bb4.16&Prime; _module_preset=\u00a0\u00bbdefault\u00a0\u00bb global_colors_info=\u00a0\u00bb{}\u00a0\u00bb][et_pb_column type=\u00a0\u00bb4_4&Prime; _builder_version=\u00a0\u00bb4.16&Prime; _module_preset=\u00a0\u00bbdefault\u00a0\u00bb global_colors_info=\u00a0\u00bb{}\u00a0\u00bb][et_pb_image src=\u00a0\u00bbhttps:\/\/tinovachem.ch\/wp-content\/uploads\/2021\/02\/ti_symbol_web.svg\u00a0\u00bb title_text=\u00a0\u00bbti_symbol_web\u00a0\u00bb _builder_version=\u00a0\u00bb4.16&Prime; _module_preset=\u00a0\u00bbdefault\u00a0\u00bb max_width=\u00a0\u00bb80px\u00a0\u00bb global_colors_info=\u00a0\u00bb{}\u00a0\u00bb][\/et_pb_image][et_pb_text _builder_version=\u00a0\u00bb4.20.4&Prime; _module_preset=\u00a0\u00bbdefault\u00a0\u00bb text_font=\u00a0\u00bb|300|||||||\u00a0\u00bb text_font_size=\u00a0\u00bb20px\u00a0\u00bb text_line_height=\u00a0\u00bb1.75em\u00a0\u00bb header_font=\u00a0\u00bbOswald|300|||||||\u00a0\u00bb header_font_size=\u00a0\u00bb60px\u00a0\u00bb header_letter_spacing=\u00a0\u00bb1px\u00a0\u00bb header_line_height=\u00a0\u00bb1.2em\u00a0\u00bb hover_enabled=\u00a0\u00bb0&Prime; text_font_size_tablet=\u00a0\u00bb\u00a0\u00bb text_font_size_phone=\u00a0\u00bb18px\u00a0\u00bb text_font_size_last_edited=\u00a0\u00bbon|tablet\u00a0\u00bb header_font_size_tablet=\u00a0\u00bb50px\u00a0\u00bb header_font_size_phone=\u00a0\u00bb40px\u00a0\u00bb header_font_size_last_edited=\u00a0\u00bbon|desktop\u00a0\u00bb global_colors_info=\u00a0\u00bb{}\u00a0\u00bb sticky_enabled=\u00a0\u00bb0&Prime;]<\/p>\n<h1>Lunettes de protection<\/h1>\n<p><span data-contrast=\"none\"> Des lunettes de protection adapt\u00e9es peuvent sauver la vue d&rsquo;une personne. Quel type de lunettes est n\u00e9cessaire ? <\/span><\/p>\n<p><span data-contrast=\"none\">Il en existe diff\u00e9rents types, qui sont utilis\u00e9s dans les diff\u00e9rents domaines d&rsquo;application d&rsquo;une entreprise &#8211; des combinaisons des diff\u00e9rents types sont \u00e9galement possibles. En voici quelques exemples:<\/span><span data-ccp-props=\"{&quot;201341983&quot;:0,&quot;335559739&quot;:0,&quot;335559740&quot;:259}\"> <\/span><\/p>\n<ul>\n<li data-leveltext=\"-\" data-font=\"Calibri\" data-listid=\"1\" data-list-defn-props=\"{&quot;335551671&quot;:0,&quot;335552541&quot;:1,&quot;335559684&quot;:-2,&quot;335559685&quot;:720,&quot;335559991&quot;:360,&quot;469769226&quot;:&quot;Calibri&quot;,&quot;469769242&quot;:[8226],&quot;469777803&quot;:&quot;left&quot;,&quot;469777804&quot;:&quot;-&quot;,&quot;469777815&quot;:&quot;hybridMultilevel&quot;}\" aria-setsize=\"-1\" data-aria-posinset=\"0\" data-aria-level=\"1\"><span data-contrast=\"none\"> Lunettes pour visiteurs <\/span><span data-ccp-props=\"{&quot;201341983&quot;:0,&quot;335559739&quot;:0,&quot;335559740&quot;:259}\"> <\/span><\/li>\n<li data-leveltext=\"-\" data-font=\"Calibri\" data-listid=\"1\" data-list-defn-props=\"{&quot;335551671&quot;:0,&quot;335552541&quot;:1,&quot;335559684&quot;:-2,&quot;335559685&quot;:720,&quot;335559991&quot;:360,&quot;469769226&quot;:&quot;Calibri&quot;,&quot;469769242&quot;:[8226],&quot;469777803&quot;:&quot;left&quot;,&quot;469777804&quot;:&quot;-&quot;,&quot;469777815&quot;:&quot;hybridMultilevel&quot;}\" aria-setsize=\"-1\" data-aria-posinset=\"0\" data-aria-level=\"1\"><span data-contrast=\"none\"> Protection contre les substances chimiques dangereuses <\/span><\/li>\n<li data-leveltext=\"-\" data-font=\"Calibri\" data-listid=\"1\" data-list-defn-props=\"{&quot;335551671&quot;:0,&quot;335552541&quot;:1,&quot;335559684&quot;:-2,&quot;335559685&quot;:720,&quot;335559991&quot;:360,&quot;469769226&quot;:&quot;Calibri&quot;,&quot;469769242&quot;:[8226],&quot;469777803&quot;:&quot;left&quot;,&quot;469777804&quot;:&quot;-&quot;,&quot;469777815&quot;:&quot;hybridMultilevel&quot;}\" aria-setsize=\"-1\" data-aria-posinset=\"0\" data-aria-level=\"1\"><span data-contrast=\"none\"> Sur-lunettes <\/span><span data-ccp-props=\"{&quot;201341983&quot;:0,&quot;335559739&quot;:0,&quot;335559740&quot;:259}\"> <\/span><\/li>\n<\/ul>\n<p><span data-ccp-props=\"{&quot;201341983&quot;:0,&quot;335559739&quot;:0,&quot;335559740&quot;:259}\"><\/span><\/p>\n<p>Dans <a href=\"https:\/\/shop.tinovachem.ch\/fr\/3254-epi\" target=\"_blank\" rel=\"noopener\">notre boutique<\/a>, vous trouvez de plus amples informations sur nos lunettes de protection.<\/p>\n<p>N&rsquo;h\u00e9sitez pas \u00e0 nous contacter pour de plus amples informations. Nous vous aiderons \u00e0 trouver les lunettes de protection adapt\u00e9es \u00e0 votre entreprise.[\/et_pb_text][\/et_pb_column][\/et_pb_row][\/et_pb_section]<\/p>\n","protected":false},"excerpt":{"rendered":"<p><div class=\"et_pb_module lwp_divi_breadcrumbs lwp_divi_breadcrumbs_0\">\n\t\t\t\t\n\t\t\t\t\n\t\t\t\t\n\t\t\t\t\n\t\t\t\t\n\t\t\t\t\n\t\t\t\t<div class=\"et_pb_module_inner\">\n\t\t\t\t\t<div class=\"lwp-breadcrumbs\"> <span class=\"before\"><\/span> <span vocab=\"https:\/\/schema.org\/\" typeof=\"BreadcrumbList\"><span property=\"itemListElement\" typeof=\"ListItem\"><a property=\"item\" typeof=\"WebPage\" href=\"https:\/\/tinovachem.ch\/fr\/\" class=\"home\"><span property=\"name\">Home<\/span><\/a><meta property=\"position\" content=\"1\"><\/span> <span class=\"separator et-pb-icon\">&#x35;<\/span> <\/span><\/div>\n\t\t\t\t<\/div>\n\t\t\t<\/div>Lunettes de protection Des lunettes de protection adapt\u00e9es peuvent sauver la vue d&rsquo;une personne. Quel type de lunettes est n\u00e9cessaire ? Il en existe diff\u00e9rents types, qui sont utilis\u00e9s dans les diff\u00e9rents domaines d&rsquo;application d&rsquo;une entreprise &#8211; des combinaisons des diff\u00e9rents types sont \u00e9galement possibles. En voici quelques exemples: Lunettes pour [&hellip;]<\/p>\n","protected":false},"author":2,"featured_media":0,"parent":2482,"menu_order":0,"comment_status":"closed","ping_status":"closed","template":"","meta":{"_acf_changed":false,"_et_pb_use_builder":"on","_et_pb_old_content":"","_et_gb_content_width":"","footnotes":""},"class_list":["post-2624","page","type-page","status-publish","hentry"],"acf":[],"yoast_head":"<!-- This site is optimized with the Yoast SEO plugin v25.2 - https:\/\/yoast.com\/wordpress\/plugins\/seo\/ -->\n<title>Lunettes de protection - Tinovachem<\/title>\n<meta name=\"description\" content=\"Die richtige Schutzbrille kann ein Augenlicht retten. Wir beraten Sie gerne in der Auswahl der richtigen Schutzbrille f\u00fcr Ihren Betrieb!\" \/>\n<meta name=\"robots\" content=\"index, nofollow, max-snippet:-1, max-image-preview:large, max-video-preview:-1\" \/>\n<link rel=\"canonical\" href=\"https:\/\/tinovachem.ch\/fr\/produits\/equipement-de-protection-individuelle\/lunettes-de-protection\/\" \/>\n<meta property=\"og:locale\" content=\"fr_FR\" \/>\n<meta property=\"og:type\" content=\"article\" \/>\n<meta property=\"og:title\" content=\"Lunettes de protection - Tinovachem\" \/>\n<meta property=\"og:description\" content=\"Die richtige Schutzbrille kann ein Augenlicht retten. Wir beraten Sie gerne in der Auswahl der richtigen Schutzbrille f\u00fcr Ihren Betrieb!\" \/>\n<meta property=\"og:url\" content=\"https:\/\/tinovachem.ch\/fr\/produits\/equipement-de-protection-individuelle\/lunettes-de-protection\/\" \/>\n<meta property=\"og:site_name\" content=\"Tinovachem\" \/>\n<meta property=\"article:modified_time\" content=\"2023-04-04T12:18:13+00:00\" \/>\n<meta name=\"twitter:card\" content=\"summary_large_image\" \/>\n<meta name=\"twitter:label1\" content=\"Dur\u00e9e de lecture estim\u00e9e\" \/>\n\t<meta name=\"twitter:data1\" content=\"1 minute\" \/>\n<script type=\"application\/ld+json\" class=\"yoast-schema-graph\">{\"@context\":\"https:\/\/schema.org\",\"@graph\":[{\"@type\":\"WebPage\",\"@id\":\"https:\/\/tinovachem.ch\/fr\/produits\/equipement-de-protection-individuelle\/lunettes-de-protection\/\",\"url\":\"https:\/\/tinovachem.ch\/fr\/produits\/equipement-de-protection-individuelle\/lunettes-de-protection\/\",\"name\":\"Lunettes de protection - Tinovachem\",\"isPartOf\":{\"@id\":\"https:\/\/tinovachem.ch\/fr\/#website\"},\"datePublished\":\"2023-03-23T15:42:58+00:00\",\"dateModified\":\"2023-04-04T12:18:13+00:00\",\"description\":\"Die richtige Schutzbrille kann ein Augenlicht retten. Wir beraten Sie gerne in der Auswahl der richtigen Schutzbrille f\u00fcr Ihren Betrieb!\",\"breadcrumb\":{\"@id\":\"https:\/\/tinovachem.ch\/fr\/produits\/equipement-de-protection-individuelle\/lunettes-de-protection\/#breadcrumb\"},\"inLanguage\":\"fr-FR\",\"potentialAction\":[{\"@type\":\"ReadAction\",\"target\":[\"https:\/\/tinovachem.ch\/fr\/produits\/equipement-de-protection-individuelle\/lunettes-de-protection\/\"]}]},{\"@type\":\"BreadcrumbList\",\"@id\":\"https:\/\/tinovachem.ch\/fr\/produits\/equipement-de-protection-individuelle\/lunettes-de-protection\/#breadcrumb\",\"itemListElement\":[{\"@type\":\"ListItem\",\"position\":1,\"name\":\"Startseite\",\"item\":\"https:\/\/tinovachem.ch\/fr\/\"},{\"@type\":\"ListItem\",\"position\":2,\"name\":\"Produits\",\"item\":\"https:\/\/tinovachem.ch\/fr\/produits\/\"},{\"@type\":\"ListItem\",\"position\":3,\"name\":\"\u00c9quipement de protection individuelle\",\"item\":\"https:\/\/tinovachem.ch\/fr\/produits\/equipement-de-protection-individuelle\/\"},{\"@type\":\"ListItem\",\"position\":4,\"name\":\"Lunettes de protection\"}]},{\"@type\":\"WebSite\",\"@id\":\"https:\/\/tinovachem.ch\/fr\/#website\",\"url\":\"https:\/\/tinovachem.ch\/fr\/\",\"name\":\"Tinovachem\",\"description\":\"\",\"potentialAction\":[{\"@type\":\"SearchAction\",\"target\":{\"@type\":\"EntryPoint\",\"urlTemplate\":\"https:\/\/tinovachem.ch\/fr\/?s={search_term_string}\"},\"query-input\":{\"@type\":\"PropertyValueSpecification\",\"valueRequired\":true,\"valueName\":\"search_term_string\"}}],\"inLanguage\":\"fr-FR\"}]}<\/script>\n<!-- \/ Yoast SEO plugin. -->","yoast_head_json":{"title":"Lunettes de protection - Tinovachem","description":"Die richtige Schutzbrille kann ein Augenlicht retten. Wir beraten Sie gerne in der Auswahl der richtigen Schutzbrille f\u00fcr Ihren Betrieb!","robots":{"index":"index","follow":"nofollow","max-snippet":"max-snippet:-1","max-image-preview":"max-image-preview:large","max-video-preview":"max-video-preview:-1"},"canonical":"https:\/\/tinovachem.ch\/fr\/produits\/equipement-de-protection-individuelle\/lunettes-de-protection\/","og_locale":"fr_FR","og_type":"article","og_title":"Lunettes de protection - Tinovachem","og_description":"Die richtige Schutzbrille kann ein Augenlicht retten. Wir beraten Sie gerne in der Auswahl der richtigen Schutzbrille f\u00fcr Ihren Betrieb!","og_url":"https:\/\/tinovachem.ch\/fr\/produits\/equipement-de-protection-individuelle\/lunettes-de-protection\/","og_site_name":"Tinovachem","article_modified_time":"2023-04-04T12:18:13+00:00","twitter_card":"summary_large_image","twitter_misc":{"Dur\u00e9e de lecture estim\u00e9e":"1 minute"},"schema":{"@context":"https:\/\/schema.org","@graph":[{"@type":"WebPage","@id":"https:\/\/tinovachem.ch\/fr\/produits\/equipement-de-protection-individuelle\/lunettes-de-protection\/","url":"https:\/\/tinovachem.ch\/fr\/produits\/equipement-de-protection-individuelle\/lunettes-de-protection\/","name":"Lunettes de protection - Tinovachem","isPartOf":{"@id":"https:\/\/tinovachem.ch\/fr\/#website"},"datePublished":"2023-03-23T15:42:58+00:00","dateModified":"2023-04-04T12:18:13+00:00","description":"Die richtige Schutzbrille kann ein Augenlicht retten. Wir beraten Sie gerne in der Auswahl der richtigen Schutzbrille f\u00fcr Ihren Betrieb!","breadcrumb":{"@id":"https:\/\/tinovachem.ch\/fr\/produits\/equipement-de-protection-individuelle\/lunettes-de-protection\/#breadcrumb"},"inLanguage":"fr-FR","potentialAction":[{"@type":"ReadAction","target":["https:\/\/tinovachem.ch\/fr\/produits\/equipement-de-protection-individuelle\/lunettes-de-protection\/"]}]},{"@type":"BreadcrumbList","@id":"https:\/\/tinovachem.ch\/fr\/produits\/equipement-de-protection-individuelle\/lunettes-de-protection\/#breadcrumb","itemListElement":[{"@type":"ListItem","position":1,"name":"Startseite","item":"https:\/\/tinovachem.ch\/fr\/"},{"@type":"ListItem","position":2,"name":"Produits","item":"https:\/\/tinovachem.ch\/fr\/produits\/"},{"@type":"ListItem","position":3,"name":"\u00c9quipement de protection individuelle","item":"https:\/\/tinovachem.ch\/fr\/produits\/equipement-de-protection-individuelle\/"},{"@type":"ListItem","position":4,"name":"Lunettes de protection"}]},{"@type":"WebSite","@id":"https:\/\/tinovachem.ch\/fr\/#website","url":"https:\/\/tinovachem.ch\/fr\/","name":"Tinovachem","description":"","potentialAction":[{"@type":"SearchAction","target":{"@type":"EntryPoint","urlTemplate":"https:\/\/tinovachem.ch\/fr\/?s={search_term_string}"},"query-input":{"@type":"PropertyValueSpecification","valueRequired":true,"valueName":"search_term_string"}}],"inLanguage":"fr-FR"}]}},"_links":{"self":[{"href":"https:\/\/tinovachem.ch\/fr\/wp-json\/wp\/v2\/pages\/2624"}],"collection":[{"href":"https:\/\/tinovachem.ch\/fr\/wp-json\/wp\/v2\/pages"}],"about":[{"href":"https:\/\/tinovachem.ch\/fr\/wp-json\/wp\/v2\/types\/page"}],"author":[{"embeddable":true,"href":"https:\/\/tinovachem.ch\/fr\/wp-json\/wp\/v2\/users\/2"}],"replies":[{"embeddable":true,"href":"https:\/\/tinovachem.ch\/fr\/wp-json\/wp\/v2\/comments?post=2624"}],"version-history":[{"count":8,"href":"https:\/\/tinovachem.ch\/fr\/wp-json\/wp\/v2\/pages\/2624\/revisions"}],"predecessor-version":[{"id":5207,"href":"https:\/\/tinovachem.ch\/fr\/wp-json\/wp\/v2\/pages\/2624\/revisions\/5207"}],"up":[{"embeddable":true,"href":"https:\/\/tinovachem.ch\/fr\/wp-json\/wp\/v2\/pages\/2482"}],"wp:attachment":[{"href":"https:\/\/tinovachem.ch\/fr\/wp-json\/wp\/v2\/media?parent=2624"}],"curies":[{"name":"wp","href":"https:\/\/api.w.org\/{rel}","templated":true}]}}