{"id":2478,"date":"2023-03-23T15:51:11","date_gmt":"2023-03-23T15:51:11","guid":{"rendered":"https:\/\/tinovachem.ch\/?page_id=2478"},"modified":"2023-04-05T17:05:39","modified_gmt":"2023-04-05T15:05:39","slug":"decontamination-des-surfaces","status":"publish","type":"page","link":"https:\/\/tinovachem.ch\/fr\/produits\/decontamination-des-surfaces\/","title":{"rendered":"D\u00e9contamination des surfaces"},"content":{"rendered":"<p>[et_pb_section fb_built=\u00a0\u00bb1&Prime; fullwidth=\u00a0\u00bbon\u00a0\u00bb _builder_version=\u00a0\u00bb4.17.5&Prime; _module_preset=\u00a0\u00bbdefault\u00a0\u00bb background_image=\u00a0\u00bbhttps:\/\/tinovachem.ch\/wp-content\/uploads\/2022\/09\/tichem-website_chemische-risiken_2000x1333px.jpg\u00a0\u00bb custom_padding=\u00a0\u00bb||||false|false\u00a0\u00bb locked=\u00a0\u00bboff\u00a0\u00bb global_colors_info=\u00a0\u00bb{}\u00a0\u00bb][et_pb_fullwidth_slider show_image_video_mobile=\u00a0\u00bbon\u00a0\u00bb module_class=\u00a0\u00bbbkmi-slider\u00a0\u00bb _builder_version=\u00a0\u00bb4.20.2&Prime; _module_preset=\u00a0\u00bbdefault\u00a0\u00bb header_level=\u00a0\u00bbh1&Prime; min_height=\u00a0\u00bb500px\u00a0\u00bb height=\u00a0\u00bb500px\u00a0\u00bb max_height=\u00a0\u00bb500px\u00a0\u00bb custom_padding=\u00a0\u00bb100px||100px||false|false\u00a0\u00bb auto=\u00a0\u00bbon\u00a0\u00bb auto_ignore_hover=\u00a0\u00bbon\u00a0\u00bb global_colors_info=\u00a0\u00bb{}\u00a0\u00bb][et_pb_slide heading=\u00a0\u00bbConseil\u00a0\u00bb button_text=\u00a0\u00bbContactez-nous\u00a0\u00bb button_link=\u00a0\u00bb@ET-DC@eyJkeW5hbWljIjp0cnVlLCJjb250ZW50IjoicG9zdF9saW5rX3VybF9wYWdlIiwic2V0dGluZ3MiOnsicG9zdF9pZCI6IjIwIn19@\u00a0\u00bb _builder_version=\u00a0\u00bb4.20.2&Prime; _dynamic_attributes=\u00a0\u00bbbutton_link\u00a0\u00bb _module_preset=\u00a0\u00bbdefault\u00a0\u00bb header_level=\u00a0\u00bbh3&Prime; header_font=\u00a0\u00bbOswald|300|||||||\u00a0\u00bb header_text_color=\u00a0\u00bb#000000&Prime; header_font_size=\u00a0\u00bb40px\u00a0\u00bb header_letter_spacing=\u00a0\u00bb1px\u00a0\u00bb header_line_height=\u00a0\u00bb1.75em\u00a0\u00bb body_font=\u00a0\u00bbOpen Sans|300|||||||\u00a0\u00bb body_text_color=\u00a0\u00bb#000000&Prime; body_font_size=\u00a0\u00bb20px\u00a0\u00bb body_line_height=\u00a0\u00bb1.75em\u00a0\u00bb background_image=\u00a0\u00bbhttps:\/\/tinovachem.ch\/wp-content\/uploads\/2022\/09\/tichem-website_chemische-risiken_2000x1333px.jpg\u00a0\u00bb background_enable_image=\u00a0\u00bbon\u00a0\u00bb header_font_size_tablet=\u00a0\u00bb30px\u00a0\u00bb header_font_size_phone=\u00a0\u00bb30px\u00a0\u00bb header_font_size_last_edited=\u00a0\u00bbon|desktop\u00a0\u00bb custom_css_slide_title=\u00a0\u00bbtext-shadow: none ! important;\u00a0\u00bb custom_css_slide_container=\u00a0\u00bbborder-style: solid;||border-radius: 500px;||border-left-width: 1vw;||border-color: #ffffff #ffffff #ffffff #6CCFF0;||box-shadow: -20px 0px 0px 0px #00a7e1;||max-width: 450px;||max-height: 460px ! important;||background: rgba(255,255,255,0.9);||float: right;||margin-bottom: 20px ! important;||margin-top: 20px;||padding-bottom: 0px;||padding-top: 0px;||padding-left: 0px;||padding-right: 0px;\u00a0\u00bb custom_css_slide_description=\u00a0\u00bbpadding-top: 0 ! important;||padding-bottom: 0 ! important;||text-shadow: none ! important;\u00a0\u00bb global_colors_info=\u00a0\u00bb{}\u00a0\u00bb sticky_transition=\u00a0\u00bbon\u00a0\u00bb]Nous nous ferons un plaisir de vous conseiller sur place pour une analyse des risques. [\/et_pb_slide][\/et_pb_fullwidth_slider][\/et_pb_section][et_pb_section fb_built=\u00a0\u00bb1&Prime; _builder_version=\u00a0\u00bb4.17.5&Prime; _module_preset=\u00a0\u00bbdefault\u00a0\u00bb background_color=\u00a0\u00bb#FFFFFF\u00a0\u00bb custom_padding=\u00a0\u00bb2px||0px||false|false\u00a0\u00bb locked=\u00a0\u00bboff\u00a0\u00bb global_colors_info=\u00a0\u00bb{}\u00a0\u00bb][et_pb_row _builder_version=\u00a0\u00bb4.16&Prime; _module_preset=\u00a0\u00bbdefault\u00a0\u00bb module_alignment=\u00a0\u00bbcenter\u00a0\u00bb custom_padding=\u00a0\u00bb10px|0px|10px|0px|false|false\u00a0\u00bb global_colors_info=\u00a0\u00bb{}\u00a0\u00bb][et_pb_column type=\u00a0\u00bb4_4&Prime; _builder_version=\u00a0\u00bb4.16&Prime; _module_preset=\u00a0\u00bbdefault\u00a0\u00bb global_colors_info=\u00a0\u00bb{}\u00a0\u00bb][lwp_divi_breadcrumbs font_icon=\u00a0\u00bb&#x35;||divi||400&Prime; _builder_version=\u00a0\u00bb4.17.5&Prime; _module_preset=\u00a0\u00bbdefault\u00a0\u00bb background_color=\u00a0\u00bb#FFFFFF\u00a0\u00bb global_colors_info=\u00a0\u00bb{}\u00a0\u00bb][\/lwp_divi_breadcrumbs][\/et_pb_column][\/et_pb_row][\/et_pb_section][et_pb_section fb_built=\u00a0\u00bb1&Prime; _builder_version=\u00a0\u00bb4.16&Prime; _module_preset=\u00a0\u00bbdefault\u00a0\u00bb background_color=\u00a0\u00bbrgba(0,0,0,0.05)\u00a0\u00bb locked=\u00a0\u00bboff\u00a0\u00bb global_colors_info=\u00a0\u00bb{}\u00a0\u00bb body_font_size_phone=\u00a0\u00bb18px\u00a0\u00bb body_font_size_last_edited=\u00a0\u00bbon|phone\u00a0\u00bb][et_pb_row _builder_version=\u00a0\u00bb4.16&Prime; _module_preset=\u00a0\u00bbdefault\u00a0\u00bb global_colors_info=\u00a0\u00bb{}\u00a0\u00bb][et_pb_column type=\u00a0\u00bb4_4&Prime; _builder_version=\u00a0\u00bb4.16&Prime; _module_preset=\u00a0\u00bbdefault\u00a0\u00bb global_colors_info=\u00a0\u00bb{}\u00a0\u00bb][et_pb_image src=\u00a0\u00bbhttps:\/\/tinovachem.ch\/wp-content\/uploads\/2021\/02\/ti_symbol_web.svg\u00a0\u00bb title_text=\u00a0\u00bbti_symbol_web\u00a0\u00bb _builder_version=\u00a0\u00bb4.16&Prime; _module_preset=\u00a0\u00bbdefault\u00a0\u00bb max_width=\u00a0\u00bb80px\u00a0\u00bb locked=\u00a0\u00bboff\u00a0\u00bb global_colors_info=\u00a0\u00bb{}\u00a0\u00bb][\/et_pb_image][et_pb_text _builder_version=\u00a0\u00bb4.20.4&Prime; _module_preset=\u00a0\u00bbdefault\u00a0\u00bb text_font=\u00a0\u00bb|300|||||||\u00a0\u00bb text_font_size=\u00a0\u00bb20px\u00a0\u00bb text_line_height=\u00a0\u00bb1.75em\u00a0\u00bb header_font=\u00a0\u00bbOswald|300|||||||\u00a0\u00bb header_font_size=\u00a0\u00bb60px\u00a0\u00bb header_letter_spacing=\u00a0\u00bb1px\u00a0\u00bb header_line_height=\u00a0\u00bb1.2em\u00a0\u00bb hover_enabled=\u00a0\u00bb0&Prime; text_font_size_tablet=\u00a0\u00bb\u00a0\u00bb text_font_size_phone=\u00a0\u00bb18px\u00a0\u00bb text_font_size_last_edited=\u00a0\u00bbon|tablet\u00a0\u00bb header_font_size_tablet=\u00a0\u00bb50px\u00a0\u00bb header_font_size_phone=\u00a0\u00bb40px\u00a0\u00bb header_font_size_last_edited=\u00a0\u00bbon|desktop\u00a0\u00bb global_colors_info=\u00a0\u00bb{}\u00a0\u00bb sticky_enabled=\u00a0\u00bb0&Prime;]<\/p>\n<h1>D\u00e9contamination des surfaces<\/h1>\n<p><span data-contrast=\"auto\">Si des surfaces, des machines ou des instruments de travail sont contamin\u00e9s par des produits chimiques, il est indispensable d&rsquo;int\u00e9grer la d\u00e9contamination du mat\u00e9riel dans les processus de travail. C&rsquo;est la seule fa\u00e7on d&rsquo;\u00e9viter les br\u00fblures chimiques des collaborateurs et la corrosion des mat\u00e9riaux. <\/span><span data-ccp-props=\"{&quot;201341983&quot;:0,&quot;335559739&quot;:0,&quot;335559740&quot;:259}\">\u00a0<\/span><\/p>\n<p><span data-contrast=\"auto\">Lors des travaux les plus courants, les mat\u00e9riaux et les surfaces peuvent \u00eatre contamin\u00e9s &#8211; donc, il est indispensable d&rsquo;int\u00e9grer une d\u00e9contamination pour prot\u00e9ger les personnes et l&rsquo;environnement.<\/span><span data-ccp-props=\"{&quot;201341983&quot;:0,&quot;335559739&quot;:0,&quot;335559740&quot;:259}\">\u00a0<\/span><\/p>\n<p><span data-contrast=\"auto\">Les avantages resp. les caract\u00e9ristiques des solutions de d\u00e9contamination:<\/span><span data-ccp-props=\"{&quot;201341983&quot;:0,&quot;335559739&quot;:0,&quot;335559740&quot;:259}\">\u00a0<\/span><\/p>\n<ul>\n<li data-leveltext=\"-\" data-font=\"Calibri\" data-listid=\"1\" data-list-defn-props=\"{&quot;335551671&quot;:0,&quot;335552541&quot;:1,&quot;335559684&quot;:-2,&quot;335559685&quot;:720,&quot;335559991&quot;:360,&quot;469769226&quot;:&quot;Calibri&quot;,&quot;469769242&quot;:[8226],&quot;469777803&quot;:&quot;left&quot;,&quot;469777804&quot;:&quot;-&quot;,&quot;469777815&quot;:&quot;hybridMultilevel&quot;}\" aria-setsize=\"-1\" data-aria-posinset=\"0\" data-aria-level=\"1\"><span data-contrast=\"auto\">Neutralise les substances dangereuses et les rend inoffensives pour l&rsquo;homme et l&rsquo;environnement<\/span><span data-ccp-props=\"{&quot;201341983&quot;:0,&quot;335559739&quot;:0,&quot;335559740&quot;:259}\">\u00a0<\/span><\/li>\n<li data-leveltext=\"-\" data-font=\"Calibri\" data-listid=\"1\" data-list-defn-props=\"{&quot;335551671&quot;:0,&quot;335552541&quot;:1,&quot;335559684&quot;:-2,&quot;335559685&quot;:720,&quot;335559991&quot;:360,&quot;469769226&quot;:&quot;Calibri&quot;,&quot;469769242&quot;:[8226],&quot;469777803&quot;:&quot;left&quot;,&quot;469777804&quot;:&quot;-&quot;,&quot;469777815&quot;:&quot;hybridMultilevel&quot;}\" aria-setsize=\"-1\" data-aria-posinset=\"0\" data-aria-level=\"1\"><span data-contrast=\"auto\">R\u00e9duit le risque de blessure des collaborateurs<\/span><span data-ccp-props=\"{&quot;201341983&quot;:0,&quot;335559739&quot;:0,&quot;335559740&quot;:259}\">\u00a0<\/span><\/li>\n<li data-leveltext=\"-\" data-font=\"Calibri\" data-listid=\"1\" data-list-defn-props=\"{&quot;335551671&quot;:0,&quot;335552541&quot;:1,&quot;335559684&quot;:-2,&quot;335559685&quot;:720,&quot;335559991&quot;:360,&quot;469769226&quot;:&quot;Calibri&quot;,&quot;469769242&quot;:[8226],&quot;469777803&quot;:&quot;left&quot;,&quot;469777804&quot;:&quot;-&quot;,&quot;469777815&quot;:&quot;hybridMultilevel&quot;}\" aria-setsize=\"-1\" data-aria-posinset=\"0\" data-aria-level=\"1\"><span data-contrast=\"auto\">\u00c9vite les d\u00e9chets sp\u00e9ciaux et donc des co\u00fbts \u00e9lev\u00e9s<\/span><span data-ccp-props=\"{&quot;201341983&quot;:0,&quot;335559739&quot;:0,&quot;335559740&quot;:259}\">\u00a0<\/span><\/li>\n<li data-leveltext=\"-\" data-font=\"Calibri\" data-listid=\"1\" data-list-defn-props=\"{&quot;335551671&quot;:0,&quot;335552541&quot;:1,&quot;335559684&quot;:-2,&quot;335559685&quot;:720,&quot;335559991&quot;:360,&quot;469769226&quot;:&quot;Calibri&quot;,&quot;469769242&quot;:[8226],&quot;469777803&quot;:&quot;left&quot;,&quot;469777804&quot;:&quot;-&quot;,&quot;469777815&quot;:&quot;hybridMultilevel&quot;}\" aria-setsize=\"-1\" data-aria-posinset=\"0\" data-aria-level=\"1\"><span data-contrast=\"auto\">L&rsquo;incident peut \u00eatre g\u00e9r\u00e9 en interne et sans l&rsquo;aide d&rsquo;une entreprise externe<\/span><span data-ccp-props=\"{&quot;201341983&quot;:0,&quot;335559739&quot;:0,&quot;335559740&quot;:259}\">\u00a0<\/span><\/li>\n<li data-leveltext=\"-\" data-font=\"Calibri\" data-listid=\"1\" data-list-defn-props=\"{&quot;335551671&quot;:0,&quot;335552541&quot;:1,&quot;335559684&quot;:-2,&quot;335559685&quot;:720,&quot;335559991&quot;:360,&quot;469769226&quot;:&quot;Calibri&quot;,&quot;469769242&quot;:[8226],&quot;469777803&quot;:&quot;left&quot;,&quot;469777804&quot;:&quot;-&quot;,&quot;469777815&quot;:&quot;hybridMultilevel&quot;}\" aria-setsize=\"-1\" data-aria-posinset=\"0\" data-aria-level=\"1\"><span data-contrast=\"auto\">La dur\u00e9e de vie du mat\u00e9riel contamin\u00e9 est consid\u00e9rablement augment\u00e9e<\/span><span data-ccp-props=\"{&quot;201341983&quot;:0,&quot;335559739&quot;:0,&quot;335559740&quot;:259}\">\u00a0<\/span><\/li>\n<li data-leveltext=\"-\" data-font=\"Calibri\" data-listid=\"1\" data-list-defn-props=\"{&quot;335551671&quot;:0,&quot;335552541&quot;:1,&quot;335559684&quot;:-2,&quot;335559685&quot;:720,&quot;335559991&quot;:360,&quot;469769226&quot;:&quot;Calibri&quot;,&quot;469769242&quot;:[8226],&quot;469777803&quot;:&quot;left&quot;,&quot;469777804&quot;:&quot;-&quot;,&quot;469777815&quot;:&quot;hybridMultilevel&quot;}\" aria-setsize=\"-1\" data-aria-posinset=\"0\" data-aria-level=\"1\"><span data-contrast=\"auto\">Capable de neutraliser l&rsquo;acide fluorhydrique (HF) extr\u00eamement toxique (exception: LeVert) <\/span><span data-ccp-props=\"{&quot;201341983&quot;:0,&quot;335559739&quot;:0,&quot;335559740&quot;:259}\">\u00a0<\/span><span data-ccp-props=\"{&quot;201341983&quot;:0,&quot;335559739&quot;:0,&quot;335559740&quot;:259}\"><\/span><\/li>\n<\/ul>\n<p><span data-ccp-props=\"{&quot;201341983&quot;:0,&quot;335559739&quot;:0,&quot;335559740&quot;:259}\"><\/span><\/p>\n<p><span data-contrast=\"auto\">Nous nous tenons volontiers \u00e0 votre disposition pour r\u00e9pondre \u00e0 vos questions, <a href=\"https:\/\/tinovachem.ch\/fr\/contact\/\">contactez-nous<\/a>.<\/span><span data-ccp-props=\"{&quot;201341983&quot;:0,&quot;335559739&quot;:0,&quot;335559740&quot;:259}\">\u00a0<\/span>[\/et_pb_text][\/et_pb_column][\/et_pb_row][\/et_pb_section][et_pb_section fb_built=\u00a0\u00bb1&Prime; _builder_version=\u00a0\u00bb4.17.5&Prime; _module_preset=\u00a0\u00bbdefault\u00a0\u00bb global_colors_info=\u00a0\u00bb{}\u00a0\u00bb][et_pb_row _builder_version=\u00a0\u00bb4.17.5&Prime; _module_preset=\u00a0\u00bbdefault\u00a0\u00bb global_colors_info=\u00a0\u00bb{}\u00a0\u00bb][et_pb_column type=\u00a0\u00bb4_4&Prime; _builder_version=\u00a0\u00bb4.17.5&Prime; _module_preset=\u00a0\u00bbdefault\u00a0\u00bb global_colors_info=\u00a0\u00bb{}\u00a0\u00bb][et_pb_text _builder_version=\u00a0\u00bb4.20.2&Prime; _module_preset=\u00a0\u00bbdefault\u00a0\u00bb global_colors_info=\u00a0\u00bb{}\u00a0\u00bb]<\/p>\n<h2><strong>Aper\u00e7u de notre gamme de d\u00e9contamination de surface<\/strong><\/h2>\n<h2><\/h2>\n<p>[\/et_pb_text][\/et_pb_column][\/et_pb_row][et_pb_row column_structure=\u00a0\u00bb1_3,1_3,1_3&Prime; _builder_version=\u00a0\u00bb4.17.5&Prime; _module_preset=\u00a0\u00bbdefault\u00a0\u00bb global_colors_info=\u00a0\u00bb{}\u00a0\u00bb][et_pb_column type=\u00a0\u00bb1_3&Prime; _builder_version=\u00a0\u00bb4.17.5&Prime; _module_preset=\u00a0\u00bbdefault\u00a0\u00bb global_colors_info=\u00a0\u00bb{}\u00a0\u00bb][et_pb_image src=\u00a0\u00bbhttps:\/\/tinovachem.ch\/wp-content\/uploads\/2022\/09\/tichem-website_schutzhandschuhe_2000x1333px.jpg\u00a0\u00bb alt=\u00a0\u00bbPSA Schutzhandschuhe\u00a0\u00bb title_text=\u00a0\u00bbPSA Schutzhandschuhe\u00a0\u00bb _builder_version=\u00a0\u00bb4.17.5&Prime; _module_preset=\u00a0\u00bbdefault\u00a0\u00bb global_colors_info=\u00a0\u00bb{}\u00a0\u00bb][\/et_pb_image][et_pb_text _builder_version=\u00a0\u00bb4.20.2&Prime; _module_preset=\u00a0\u00bbdefault\u00a0\u00bb global_colors_info=\u00a0\u00bb{}\u00a0\u00bb]<\/p>\n<h2 style=\"text-align: center;\"><strong>Safurex\u00ae &#8211; la solution de d\u00e9contamination <\/strong><\/h2>\n<p style=\"text-align: center;\">D\u00e9contamination de surface pour tous les produits chimiques, y compris l&rsquo;acide fluorhydrique.<\/p>\n<p>[\/et_pb_text][et_pb_button button_url=\u00a0\u00bb@ET-DC@eyJkeW5hbWljIjp0cnVlLCJjb250ZW50IjoicG9zdF9saW5rX3VybF9wYWdlIiwic2V0dGluZ3MiOnsicG9zdF9pZCI6IjI2MDMifX0=@\u00a0\u00bb button_text=\u00a0\u00bbEn savoir plus\u00a0\u00bb button_alignment=\u00a0\u00bbcenter\u00a0\u00bb _builder_version=\u00a0\u00bb4.20.2&Prime; _dynamic_attributes=\u00a0\u00bbbutton_url\u00a0\u00bb _module_preset=\u00a0\u00bbdefault\u00a0\u00bb locked=\u00a0\u00bboff\u00a0\u00bb global_colors_info=\u00a0\u00bb{}\u00a0\u00bb][\/et_pb_button][\/et_pb_column][et_pb_column type=\u00a0\u00bb1_3&Prime; _builder_version=\u00a0\u00bb4.17.5&Prime; _module_preset=\u00a0\u00bbdefault\u00a0\u00bb global_colors_info=\u00a0\u00bb{}\u00a0\u00bb][et_pb_image src=\u00a0\u00bbhttps:\/\/tinovachem.ch\/wp-content\/uploads\/2022\/09\/tichem-website_banner_oberflaechendekontamination_2000x1333px.jpg\u00a0\u00bb alt=\u00a0\u00bbOberfl\u00e4chendekontamination\u00a0\u00bb title_text=\u00a0\u00bbOberfl\u00e4chendekontamination\u00a0\u00bb _builder_version=\u00a0\u00bb4.17.5&Prime; _module_preset=\u00a0\u00bbdefault\u00a0\u00bb global_colors_info=\u00a0\u00bb{}\u00a0\u00bb][\/et_pb_image][et_pb_text _builder_version=\u00a0\u00bb4.20.2&Prime; _module_preset=\u00a0\u00bbdefault\u00a0\u00bb global_colors_info=\u00a0\u00bb{}\u00a0\u00bb]<\/p>\n<h2 style=\"text-align: center;\"><strong>LeVert<\/strong><\/h2>\n<p style=\"text-align: center;\">D\u00e9contamination de surface pour les acides et les bases.<\/p>\n<p>[\/et_pb_text][et_pb_button button_url=\u00a0\u00bb@ET-DC@eyJkeW5hbWljIjp0cnVlLCJjb250ZW50IjoicG9zdF9saW5rX3VybF9wYWdlIiwic2V0dGluZ3MiOnsicG9zdF9pZCI6IjI2MDcifX0=@\u00a0\u00bb button_text=\u00a0\u00bbEn savoir plus\u00a0\u00bb button_alignment=\u00a0\u00bbcenter\u00a0\u00bb _builder_version=\u00a0\u00bb4.20.2&Prime; _dynamic_attributes=\u00a0\u00bbbutton_url\u00a0\u00bb _module_preset=\u00a0\u00bbdefault\u00a0\u00bb locked=\u00a0\u00bboff\u00a0\u00bb global_colors_info=\u00a0\u00bb{}\u00a0\u00bb][\/et_pb_button][\/et_pb_column][et_pb_column type=\u00a0\u00bb1_3&Prime; _builder_version=\u00a0\u00bb4.17.5&Prime; _module_preset=\u00a0\u00bbdefault\u00a0\u00bb global_colors_info=\u00a0\u00bb{}\u00a0\u00bb][et_pb_image src=\u00a0\u00bbhttps:\/\/tinovachem.ch\/wp-content\/uploads\/2022\/09\/tichem-website_chemische-risiken_2000x1333px.jpg\u00a0\u00bb alt=\u00a0\u00bbChemische Risiken\u00a0\u00bb title_text=\u00a0\u00bbChemische Risiken\u00a0\u00bb _builder_version=\u00a0\u00bb4.17.5&Prime; _module_preset=\u00a0\u00bbdefault\u00a0\u00bb global_colors_info=\u00a0\u00bb{}\u00a0\u00bb][\/et_pb_image][et_pb_text _builder_version=\u00a0\u00bb4.20.2&Prime; _module_preset=\u00a0\u00bbdefault\u00a0\u00bb global_colors_info=\u00a0\u00bb{}\u00a0\u00bb]<\/p>\n<h2 style=\"text-align: center;\"><strong>LeVert HF<\/strong><\/h2>\n<p style=\"text-align: center;\">D\u00e9contamination de surface pour l&rsquo;acide fluorhydrique.<\/p>\n<p>[\/et_pb_text][et_pb_button button_url=\u00a0\u00bb@ET-DC@eyJkeW5hbWljIjp0cnVlLCJjb250ZW50IjoicG9zdF9saW5rX3VybF9wYWdlIiwic2V0dGluZ3MiOnsicG9zdF9pZCI6IjI2MTEifX0=@\u00a0\u00bb button_text=\u00a0\u00bbEn savoir plus\u00a0\u00bb button_alignment=\u00a0\u00bbcenter\u00a0\u00bb _builder_version=\u00a0\u00bb4.20.2&Prime; _dynamic_attributes=\u00a0\u00bbbutton_url\u00a0\u00bb _module_preset=\u00a0\u00bbdefault\u00a0\u00bb locked=\u00a0\u00bboff\u00a0\u00bb global_colors_info=\u00a0\u00bb{}\u00a0\u00bb][\/et_pb_button][\/et_pb_column][\/et_pb_row][\/et_pb_section]<\/p>\n","protected":false},"excerpt":{"rendered":"<p>Nous nous ferons un plaisir de vous conseiller sur place pour une analyse des risques. <div class=\"et_pb_module lwp_divi_breadcrumbs lwp_divi_breadcrumbs_0\">\n\t\t\t\t\n\t\t\t\t\n\t\t\t\t\n\t\t\t\t\n\t\t\t\t\n\t\t\t\t\n\t\t\t\t<div class=\"et_pb_module_inner\">\n\t\t\t\t\t<div class=\"lwp-breadcrumbs\"> <span class=\"before\"><\/span> <span vocab=\"https:\/\/schema.org\/\" typeof=\"BreadcrumbList\"><span property=\"itemListElement\" typeof=\"ListItem\"><a property=\"item\" typeof=\"WebPage\" href=\"https:\/\/tinovachem.ch\/fr\/\" class=\"home\"><span property=\"name\">Home<\/span><\/a><meta property=\"position\" content=\"1\"><\/span> <span class=\"separator et-pb-icon\">5<\/span> <\/span><\/div>\n\t\t\t\t<\/div>\n\t\t\t<\/div>D\u00e9contamination des surfaces Si des surfaces, des machines ou des instruments de travail sont contamin\u00e9s par des produits chimiques, il est indispensable d&rsquo;int\u00e9grer la d\u00e9contamination du mat\u00e9riel dans les processus de travail. C&rsquo;est la seule [&hellip;]<\/p>\n","protected":false},"author":2,"featured_media":0,"parent":2457,"menu_order":0,"comment_status":"closed","ping_status":"closed","template":"","meta":{"_acf_changed":false,"_et_pb_use_builder":"on","_et_pb_old_content":"","_et_gb_content_width":"","footnotes":""},"class_list":["post-2478","page","type-page","status-publish","hentry"],"acf":[],"yoast_head":"<!-- This site is optimized with the Yoast SEO plugin v25.2 - https:\/\/yoast.com\/wordpress\/plugins\/seo\/ -->\n<title>D\u00e9contamination des surfaces - Tinovachem<\/title>\n<meta name=\"description\" content=\"Wir bieten diverse L\u00f6sungen zur Oberfl\u00e4chendekontamination von kontaminierten Oberfl\u00e4chen, Maschinen und Arbeitsinstrumenten.\" \/>\n<meta name=\"robots\" content=\"index, nofollow, max-snippet:-1, max-image-preview:large, max-video-preview:-1\" \/>\n<link rel=\"canonical\" href=\"https:\/\/tinovachem.ch\/fr\/produits\/decontamination-des-surfaces\/\" \/>\n<meta property=\"og:locale\" content=\"fr_FR\" \/>\n<meta property=\"og:type\" content=\"article\" \/>\n<meta property=\"og:title\" content=\"D\u00e9contamination des surfaces - Tinovachem\" \/>\n<meta property=\"og:description\" content=\"Wir bieten diverse L\u00f6sungen zur Oberfl\u00e4chendekontamination von kontaminierten Oberfl\u00e4chen, Maschinen und Arbeitsinstrumenten.\" \/>\n<meta property=\"og:url\" content=\"https:\/\/tinovachem.ch\/fr\/produits\/decontamination-des-surfaces\/\" \/>\n<meta property=\"og:site_name\" content=\"Tinovachem\" \/>\n<meta property=\"article:modified_time\" content=\"2023-04-05T15:05:39+00:00\" \/>\n<meta name=\"twitter:card\" content=\"summary_large_image\" \/>\n<meta name=\"twitter:label1\" content=\"Dur\u00e9e de lecture estim\u00e9e\" \/>\n\t<meta name=\"twitter:data1\" content=\"3 minutes\" \/>\n<script type=\"application\/ld+json\" class=\"yoast-schema-graph\">{\"@context\":\"https:\/\/schema.org\",\"@graph\":[{\"@type\":\"WebPage\",\"@id\":\"https:\/\/tinovachem.ch\/fr\/produits\/decontamination-des-surfaces\/\",\"url\":\"https:\/\/tinovachem.ch\/fr\/produits\/decontamination-des-surfaces\/\",\"name\":\"D\u00e9contamination des surfaces - Tinovachem\",\"isPartOf\":{\"@id\":\"https:\/\/tinovachem.ch\/fr\/#website\"},\"datePublished\":\"2023-03-23T15:51:11+00:00\",\"dateModified\":\"2023-04-05T15:05:39+00:00\",\"description\":\"Wir bieten diverse L\u00f6sungen zur Oberfl\u00e4chendekontamination von kontaminierten Oberfl\u00e4chen, Maschinen und Arbeitsinstrumenten.\",\"breadcrumb\":{\"@id\":\"https:\/\/tinovachem.ch\/fr\/produits\/decontamination-des-surfaces\/#breadcrumb\"},\"inLanguage\":\"fr-FR\",\"potentialAction\":[{\"@type\":\"ReadAction\",\"target\":[\"https:\/\/tinovachem.ch\/fr\/produits\/decontamination-des-surfaces\/\"]}]},{\"@type\":\"BreadcrumbList\",\"@id\":\"https:\/\/tinovachem.ch\/fr\/produits\/decontamination-des-surfaces\/#breadcrumb\",\"itemListElement\":[{\"@type\":\"ListItem\",\"position\":1,\"name\":\"Startseite\",\"item\":\"https:\/\/tinovachem.ch\/fr\/\"},{\"@type\":\"ListItem\",\"position\":2,\"name\":\"Produits\",\"item\":\"https:\/\/tinovachem.ch\/fr\/produits\/\"},{\"@type\":\"ListItem\",\"position\":3,\"name\":\"D\u00e9contamination des surfaces\"}]},{\"@type\":\"WebSite\",\"@id\":\"https:\/\/tinovachem.ch\/fr\/#website\",\"url\":\"https:\/\/tinovachem.ch\/fr\/\",\"name\":\"Tinovachem\",\"description\":\"\",\"potentialAction\":[{\"@type\":\"SearchAction\",\"target\":{\"@type\":\"EntryPoint\",\"urlTemplate\":\"https:\/\/tinovachem.ch\/fr\/?s={search_term_string}\"},\"query-input\":{\"@type\":\"PropertyValueSpecification\",\"valueRequired\":true,\"valueName\":\"search_term_string\"}}],\"inLanguage\":\"fr-FR\"}]}<\/script>\n<!-- \/ Yoast SEO plugin. -->","yoast_head_json":{"title":"D\u00e9contamination des surfaces - Tinovachem","description":"Wir bieten diverse L\u00f6sungen zur Oberfl\u00e4chendekontamination von kontaminierten Oberfl\u00e4chen, Maschinen und Arbeitsinstrumenten.","robots":{"index":"index","follow":"nofollow","max-snippet":"max-snippet:-1","max-image-preview":"max-image-preview:large","max-video-preview":"max-video-preview:-1"},"canonical":"https:\/\/tinovachem.ch\/fr\/produits\/decontamination-des-surfaces\/","og_locale":"fr_FR","og_type":"article","og_title":"D\u00e9contamination des surfaces - Tinovachem","og_description":"Wir bieten diverse L\u00f6sungen zur Oberfl\u00e4chendekontamination von kontaminierten Oberfl\u00e4chen, Maschinen und Arbeitsinstrumenten.","og_url":"https:\/\/tinovachem.ch\/fr\/produits\/decontamination-des-surfaces\/","og_site_name":"Tinovachem","article_modified_time":"2023-04-05T15:05:39+00:00","twitter_card":"summary_large_image","twitter_misc":{"Dur\u00e9e de lecture estim\u00e9e":"3 minutes"},"schema":{"@context":"https:\/\/schema.org","@graph":[{"@type":"WebPage","@id":"https:\/\/tinovachem.ch\/fr\/produits\/decontamination-des-surfaces\/","url":"https:\/\/tinovachem.ch\/fr\/produits\/decontamination-des-surfaces\/","name":"D\u00e9contamination des surfaces - Tinovachem","isPartOf":{"@id":"https:\/\/tinovachem.ch\/fr\/#website"},"datePublished":"2023-03-23T15:51:11+00:00","dateModified":"2023-04-05T15:05:39+00:00","description":"Wir bieten diverse L\u00f6sungen zur Oberfl\u00e4chendekontamination von kontaminierten Oberfl\u00e4chen, Maschinen und Arbeitsinstrumenten.","breadcrumb":{"@id":"https:\/\/tinovachem.ch\/fr\/produits\/decontamination-des-surfaces\/#breadcrumb"},"inLanguage":"fr-FR","potentialAction":[{"@type":"ReadAction","target":["https:\/\/tinovachem.ch\/fr\/produits\/decontamination-des-surfaces\/"]}]},{"@type":"BreadcrumbList","@id":"https:\/\/tinovachem.ch\/fr\/produits\/decontamination-des-surfaces\/#breadcrumb","itemListElement":[{"@type":"ListItem","position":1,"name":"Startseite","item":"https:\/\/tinovachem.ch\/fr\/"},{"@type":"ListItem","position":2,"name":"Produits","item":"https:\/\/tinovachem.ch\/fr\/produits\/"},{"@type":"ListItem","position":3,"name":"D\u00e9contamination des surfaces"}]},{"@type":"WebSite","@id":"https:\/\/tinovachem.ch\/fr\/#website","url":"https:\/\/tinovachem.ch\/fr\/","name":"Tinovachem","description":"","potentialAction":[{"@type":"SearchAction","target":{"@type":"EntryPoint","urlTemplate":"https:\/\/tinovachem.ch\/fr\/?s={search_term_string}"},"query-input":{"@type":"PropertyValueSpecification","valueRequired":true,"valueName":"search_term_string"}}],"inLanguage":"fr-FR"}]}},"_links":{"self":[{"href":"https:\/\/tinovachem.ch\/fr\/wp-json\/wp\/v2\/pages\/2478"}],"collection":[{"href":"https:\/\/tinovachem.ch\/fr\/wp-json\/wp\/v2\/pages"}],"about":[{"href":"https:\/\/tinovachem.ch\/fr\/wp-json\/wp\/v2\/types\/page"}],"author":[{"embeddable":true,"href":"https:\/\/tinovachem.ch\/fr\/wp-json\/wp\/v2\/users\/2"}],"replies":[{"embeddable":true,"href":"https:\/\/tinovachem.ch\/fr\/wp-json\/wp\/v2\/comments?post=2478"}],"version-history":[{"count":18,"href":"https:\/\/tinovachem.ch\/fr\/wp-json\/wp\/v2\/pages\/2478\/revisions"}],"predecessor-version":[{"id":5261,"href":"https:\/\/tinovachem.ch\/fr\/wp-json\/wp\/v2\/pages\/2478\/revisions\/5261"}],"up":[{"embeddable":true,"href":"https:\/\/tinovachem.ch\/fr\/wp-json\/wp\/v2\/pages\/2457"}],"wp:attachment":[{"href":"https:\/\/tinovachem.ch\/fr\/wp-json\/wp\/v2\/media?parent=2478"}],"curies":[{"name":"wp","href":"https:\/\/api.w.org\/{rel}","templated":true}]}}