{"id":2434,"date":"2023-03-23T16:15:22","date_gmt":"2023-03-23T16:15:22","guid":{"rendered":"https:\/\/tinovachem.ch\/?page_id=2434"},"modified":"2023-07-14T16:15:50","modified_gmt":"2023-07-14T14:15:50","slug":"substances-dangereuses-testees","status":"publish","type":"page","link":"https:\/\/tinovachem.ch\/fr\/telechargements\/substances-dangereuses-testees\/","title":{"rendered":"Substances dangereuses test\u00e9es"},"content":{"rendered":"<p>[et_pb_section fb_built=\u00a0\u00bb1&Prime; fullwidth=\u00a0\u00bbon\u00a0\u00bb _builder_version=\u00a0\u00bb4.16&Prime; _module_preset=\u00a0\u00bbdefault\u00a0\u00bb custom_padding=\u00a0\u00bb0px||0px||false|false\u00a0\u00bb locked=\u00a0\u00bboff\u00a0\u00bb global_colors_info=\u00a0\u00bb{}\u00a0\u00bb][et_pb_fullwidth_slider show_image_video_mobile=\u00a0\u00bbon\u00a0\u00bb module_class=\u00a0\u00bbbkmi-slider\u00a0\u00bb _builder_version=\u00a0\u00bb4.20.2&Prime; _dynamic_attributes=\u00a0\u00bblink_option_url\u00a0\u00bb _module_preset=\u00a0\u00bbdefault\u00a0\u00bb header_level=\u00a0\u00bbh1&Prime; min_height=\u00a0\u00bb500px\u00a0\u00bb height=\u00a0\u00bb500px\u00a0\u00bb max_height=\u00a0\u00bb500px\u00a0\u00bb custom_padding=\u00a0\u00bb100px||100px||false|false\u00a0\u00bb auto=\u00a0\u00bbon\u00a0\u00bb auto_ignore_hover=\u00a0\u00bbon\u00a0\u00bb link_option_url=\u00a0\u00bb@ET-DC@eyJkeW5hbWljIjp0cnVlLCJjb250ZW50IjoicG9zdF9saW5rX3VybF9wYWdlIiwic2V0dGluZ3MiOnsicG9zdF9pZCI6IjIwIn19@\u00a0\u00bb global_colors_info=\u00a0\u00bb{}\u00a0\u00bb][et_pb_slide heading=\u00a0\u00bbConseil\u00a0\u00bb button_text=\u00a0\u00bbContactez-nous\u00a0\u00bb button_link=\u00a0\u00bb@ET-DC@eyJkeW5hbWljIjp0cnVlLCJjb250ZW50IjoicG9zdF9saW5rX3VybF9wYWdlIiwic2V0dGluZ3MiOnsicG9zdF9pZCI6IjIwIn19@\u00a0\u00bb _builder_version=\u00a0\u00bb4.20.2&Prime; _dynamic_attributes=\u00a0\u00bbbutton_link\u00a0\u00bb _module_preset=\u00a0\u00bbdefault\u00a0\u00bb header_level=\u00a0\u00bbh3&Prime; header_font=\u00a0\u00bbOswald|300|||||||\u00a0\u00bb header_text_color=\u00a0\u00bb#000000&Prime; header_font_size=\u00a0\u00bb40px\u00a0\u00bb header_letter_spacing=\u00a0\u00bb1px\u00a0\u00bb header_line_height=\u00a0\u00bb1.75em\u00a0\u00bb body_font=\u00a0\u00bbOpen Sans|300|||||||\u00a0\u00bb body_text_color=\u00a0\u00bb#000000&Prime; body_font_size=\u00a0\u00bb20px\u00a0\u00bb body_line_height=\u00a0\u00bb1.75em\u00a0\u00bb background_image=\u00a0\u00bbhttps:\/\/tinovachem.ch\/wp-content\/uploads\/2023\/03\/tichem-website_banner_gefahrenanalyse_2000x525px.jpg\u00a0\u00bb background_enable_image=\u00a0\u00bbon\u00a0\u00bb header_font_size_tablet=\u00a0\u00bb30px\u00a0\u00bb header_font_size_phone=\u00a0\u00bb30px\u00a0\u00bb header_font_size_last_edited=\u00a0\u00bbon|desktop\u00a0\u00bb custom_css_slide_title=\u00a0\u00bbtext-shadow: none ! important;\u00a0\u00bb custom_css_slide_container=\u00a0\u00bbborder-style: solid;||border-radius: 500px;||border-left-width: 1vw;||border-color: #ffffff #ffffff #ffffff #6CCFF0;||box-shadow: -20px 0px 0px 0px #00a7e1;||max-width: 450px;||max-height: 460px ! important;||background: rgba(255,255,255,0.9);||float: right;||margin-bottom: 20px ! important;||margin-top: 20px;||padding-bottom: 0px;||padding-top: 0px;||padding-left: 0px;||padding-right: 0px;\u00a0\u00bb custom_css_slide_description=\u00a0\u00bbpadding-top: 0 ! important;||padding-bottom: 0 ! important;||text-shadow: none ! important;\u00a0\u00bb global_colors_info=\u00a0\u00bb{}\u00a0\u00bb sticky_transition=\u00a0\u00bbon\u00a0\u00bb]Nous nous ferons un plaisir de vous conseiller sur place pour une analyse des risques. [\/et_pb_slide][\/et_pb_fullwidth_slider][\/et_pb_section][et_pb_section fb_built=\u00a0\u00bb1&Prime; module_id=\u00a0\u00bbdivi-sticky-header\u00a0\u00bb _builder_version=\u00a0\u00bb4.17.5&Prime; _module_preset=\u00a0\u00bbdefault\u00a0\u00bb background_color=\u00a0\u00bb#FFFFFF\u00a0\u00bb custom_padding=\u00a0\u00bb0px||0px||false|false\u00a0\u00bb locked=\u00a0\u00bboff\u00a0\u00bb global_colors_info=\u00a0\u00bb{}\u00a0\u00bb][et_pb_row _builder_version=\u00a0\u00bb4.16&Prime; _module_preset=\u00a0\u00bbdefault\u00a0\u00bb module_alignment=\u00a0\u00bbcenter\u00a0\u00bb custom_padding=\u00a0\u00bb10px|0px|10px|0px|false|false\u00a0\u00bb global_colors_info=\u00a0\u00bb{}\u00a0\u00bb][et_pb_column type=\u00a0\u00bb4_4&Prime; _builder_version=\u00a0\u00bb4.16&Prime; _module_preset=\u00a0\u00bbdefault\u00a0\u00bb global_colors_info=\u00a0\u00bb{}\u00a0\u00bb][lwp_divi_breadcrumbs font_icon=\u00a0\u00bb&#x35;||divi||400&Prime; _builder_version=\u00a0\u00bb4.16&Prime; _module_preset=\u00a0\u00bbdefault\u00a0\u00bb global_colors_info=\u00a0\u00bb{}\u00a0\u00bb][\/lwp_divi_breadcrumbs][\/et_pb_column][\/et_pb_row][\/et_pb_section][et_pb_section fb_built=\u00a0\u00bb1&Prime; _builder_version=\u00a0\u00bb4.16&Prime; _module_preset=\u00a0\u00bbdefault\u00a0\u00bb background_color=\u00a0\u00bbrgba(0,0,0,0.05)\u00a0\u00bb locked=\u00a0\u00bboff\u00a0\u00bb global_colors_info=\u00a0\u00bb{}\u00a0\u00bb body_font_size_phone=\u00a0\u00bb18px\u00a0\u00bb body_font_size_last_edited=\u00a0\u00bbon|phone\u00a0\u00bb][et_pb_row _builder_version=\u00a0\u00bb4.16&Prime; _module_preset=\u00a0\u00bbdefault\u00a0\u00bb global_colors_info=\u00a0\u00bb{}\u00a0\u00bb][et_pb_column type=\u00a0\u00bb4_4&Prime; _builder_version=\u00a0\u00bb4.16&Prime; _module_preset=\u00a0\u00bbdefault\u00a0\u00bb global_colors_info=\u00a0\u00bb{}\u00a0\u00bb][et_pb_image src=\u00a0\u00bbhttps:\/\/tinovachem.ch\/wp-content\/uploads\/2021\/02\/ti_symbol_web.svg\u00a0\u00bb title_text=\u00a0\u00bbti_symbol_web\u00a0\u00bb _builder_version=\u00a0\u00bb4.16&Prime; _module_preset=\u00a0\u00bbdefault\u00a0\u00bb max_width=\u00a0\u00bb80px\u00a0\u00bb locked=\u00a0\u00bboff\u00a0\u00bb global_colors_info=\u00a0\u00bb{}\u00a0\u00bb][\/et_pb_image][et_pb_text module_class=\u00a0\u00bbbkmi-icon-size-1&Prime; _builder_version=\u00a0\u00bb4.21.0&Prime; _module_preset=\u00a0\u00bbdefault\u00a0\u00bb text_font=\u00a0\u00bb|300|||||||\u00a0\u00bb text_font_size=\u00a0\u00bb20px\u00a0\u00bb text_line_height=\u00a0\u00bb1.75em\u00a0\u00bb link_font=\u00a0\u00bbOswald|500|||||||\u00a0\u00bb link_text_color=\u00a0\u00bb#00a7e1&Prime; link_font_size=\u00a0\u00bb18px\u00a0\u00bb link_letter_spacing=\u00a0\u00bb1px\u00a0\u00bb ul_line_height=\u00a0\u00bb1.75em\u00a0\u00bb header_font=\u00a0\u00bbOswald|300|||||||\u00a0\u00bb header_font_size=\u00a0\u00bb60px\u00a0\u00bb header_letter_spacing=\u00a0\u00bb1px\u00a0\u00bb header_line_height=\u00a0\u00bb1.2em\u00a0\u00bb header_2_font=\u00a0\u00bbOswald|300|||||||\u00a0\u00bb header_2_font_size=\u00a0\u00bb36px\u00a0\u00bb header_2_letter_spacing=\u00a0\u00bb1px\u00a0\u00bb header_2_line_height=\u00a0\u00bb1.5em\u00a0\u00bb custom_padding=\u00a0\u00bb||||false|false\u00a0\u00bb hover_enabled=\u00a0\u00bb0&Prime; text_font_size_tablet=\u00a0\u00bb\u00a0\u00bb text_font_size_phone=\u00a0\u00bb18px\u00a0\u00bb text_font_size_last_edited=\u00a0\u00bbon|phone\u00a0\u00bb header_2_font_size_tablet=\u00a0\u00bb36px\u00a0\u00bb header_2_font_size_phone=\u00a0\u00bb30px\u00a0\u00bb header_2_font_size_last_edited=\u00a0\u00bbon|desktop\u00a0\u00bb border_color_all=\u00a0\u00bb#00a7e1&Prime; locked=\u00a0\u00bboff\u00a0\u00bb global_colors_info=\u00a0\u00bb{}\u00a0\u00bb custom_css_main_element__hover_enabled=\u00a0\u00bbon|hover\u00a0\u00bb header_3_text_color__hover_enabled=\u00a0\u00bboff|desktop\u00a0\u00bb header_3_text_color__hover=\u00a0\u00bb#00a7e1&Prime; background_color__hover=\u00a0\u00bb\u00a0\u00bb background_enable_color__hover=\u00a0\u00bboff\u00a0\u00bb background__hover_enabled=\u00a0\u00bbon|hover\u00a0\u00bb sticky_enabled=\u00a0\u00bb0&Prime;]<\/p>\n<h1>Substances dangereuses test\u00e9es<\/h1>\n<p style=\"text-align: left;\">Le laboratoire Prevor a test\u00e9 environ 1500 substances dangereuses \u00e0 ce jour. En entrant le num\u00e9ro CAS, vous pouvez v\u00e9rifier si la Diphot\u00e9rine\u00ae et l&rsquo;Hexafluorine\u00ae prot\u00e8gent efficacement contre la substance dangereuse que vous utilisez.<\/p>\n<ul>\n<li><a href=\"https:\/\/tinovachem.ch\/wp-content\/uploads\/2023\/03\/GetesteteGefahrstoffe_DiphetHexa_F.pdf\" rel=\"attachment wp-att-4148 noopener\" target=\"_blank\">Substances dangereuses test\u00e9es<\/a><\/li>\n<\/ul>\n<p>Vous ne trouvez pas la substance dangereuse que vous utilisez dans cette liste ou vous avez des questions compl\u00e9mentaires? N&rsquo;h\u00e9sitez pas \u00e0 <a href=\"https:\/\/tinovachem.ch\/fr\/contact\/\" title=\"Contact\">nous contacter<\/a>!<\/p>\n<p>[\/et_pb_text][\/et_pb_column][\/et_pb_row][\/et_pb_section]<\/p>\n","protected":false},"excerpt":{"rendered":"<p>Nous nous ferons un plaisir de vous conseiller sur place pour une analyse des risques. <div class=\"et_pb_module lwp_divi_breadcrumbs lwp_divi_breadcrumbs_0\">\n\t\t\t\t\n\t\t\t\t\n\t\t\t\t\n\t\t\t\t\n\t\t\t\t\n\t\t\t\t\n\t\t\t\t<div class=\"et_pb_module_inner\">\n\t\t\t\t\t<div class=\"lwp-breadcrumbs\"> <span class=\"before\"><\/span> <span vocab=\"https:\/\/schema.org\/\" typeof=\"BreadcrumbList\"><span property=\"itemListElement\" typeof=\"ListItem\"><a property=\"item\" typeof=\"WebPage\" href=\"https:\/\/tinovachem.ch\/fr\/\" class=\"home\"><span property=\"name\">Home<\/span><\/a><meta property=\"position\" content=\"1\"><\/span> <span class=\"separator et-pb-icon\">5<\/span> <\/span><\/div>\n\t\t\t\t<\/div>\n\t\t\t<\/div>Substances dangereuses test\u00e9es Le laboratoire Prevor a test\u00e9 environ 1500 substances dangereuses \u00e0 ce jour. En entrant le num\u00e9ro CAS, vous pouvez v\u00e9rifier si la Diphot\u00e9rine\u00ae et l&rsquo;Hexafluorine\u00ae prot\u00e8gent efficacement contre la substance dangereuse que vous [&hellip;]<\/p>\n","protected":false},"author":2,"featured_media":0,"parent":2414,"menu_order":0,"comment_status":"closed","ping_status":"closed","template":"","meta":{"_acf_changed":false,"_et_pb_use_builder":"on","_et_pb_old_content":"<!-- wp:divi\/placeholder \/-->","_et_gb_content_width":"","footnotes":""},"class_list":["post-2434","page","type-page","status-publish","hentry"],"acf":[],"yoast_head":"<!-- This site is optimized with the Yoast SEO plugin v25.2 - https:\/\/yoast.com\/wordpress\/plugins\/seo\/ -->\n<title>Substances dangereuses test\u00e9es - Tinovachem<\/title>\n<meta name=\"robots\" content=\"index, follow, max-snippet:-1, max-image-preview:large, max-video-preview:-1\" \/>\n<link rel=\"canonical\" href=\"https:\/\/tinovachem.ch\/fr\/telechargements\/substances-dangereuses-testees\/\" \/>\n<meta property=\"og:locale\" content=\"fr_FR\" \/>\n<meta property=\"og:type\" content=\"article\" \/>\n<meta property=\"og:title\" content=\"Substances dangereuses test\u00e9es - Tinovachem\" \/>\n<meta property=\"og:description\" content=\"Nous nous ferons un plaisir de vous conseiller sur place pour une analyse des risques. Substances dangereuses test\u00e9es Le laboratoire Prevor a test\u00e9 environ 1500 substances dangereuses \u00e0 ce jour. En entrant le num\u00e9ro CAS, vous pouvez v\u00e9rifier si la Diphot\u00e9rine\u00ae et l&#039;Hexafluorine\u00ae prot\u00e8gent efficacement contre la substance dangereuse que vous [&hellip;]\" \/>\n<meta property=\"og:url\" content=\"https:\/\/tinovachem.ch\/fr\/telechargements\/substances-dangereuses-testees\/\" \/>\n<meta property=\"og:site_name\" content=\"Tinovachem\" \/>\n<meta property=\"article:modified_time\" content=\"2023-07-14T14:15:50+00:00\" \/>\n<meta name=\"twitter:card\" content=\"summary_large_image\" \/>\n<meta name=\"twitter:label1\" content=\"Dur\u00e9e de lecture estim\u00e9e\" \/>\n\t<meta name=\"twitter:data1\" content=\"2 minutes\" \/>\n<script type=\"application\/ld+json\" class=\"yoast-schema-graph\">{\"@context\":\"https:\/\/schema.org\",\"@graph\":[{\"@type\":\"WebPage\",\"@id\":\"https:\/\/tinovachem.ch\/fr\/telechargements\/substances-dangereuses-testees\/\",\"url\":\"https:\/\/tinovachem.ch\/fr\/telechargements\/substances-dangereuses-testees\/\",\"name\":\"Substances dangereuses test\u00e9es - Tinovachem\",\"isPartOf\":{\"@id\":\"https:\/\/tinovachem.ch\/fr\/#website\"},\"datePublished\":\"2023-03-23T16:15:22+00:00\",\"dateModified\":\"2023-07-14T14:15:50+00:00\",\"breadcrumb\":{\"@id\":\"https:\/\/tinovachem.ch\/fr\/telechargements\/substances-dangereuses-testees\/#breadcrumb\"},\"inLanguage\":\"fr-FR\",\"potentialAction\":[{\"@type\":\"ReadAction\",\"target\":[\"https:\/\/tinovachem.ch\/fr\/telechargements\/substances-dangereuses-testees\/\"]}]},{\"@type\":\"BreadcrumbList\",\"@id\":\"https:\/\/tinovachem.ch\/fr\/telechargements\/substances-dangereuses-testees\/#breadcrumb\",\"itemListElement\":[{\"@type\":\"ListItem\",\"position\":1,\"name\":\"Startseite\",\"item\":\"https:\/\/tinovachem.ch\/fr\/\"},{\"@type\":\"ListItem\",\"position\":2,\"name\":\"T\u00e9l\u00e9chargements\",\"item\":\"https:\/\/tinovachem.ch\/fr\/telechargements\/\"},{\"@type\":\"ListItem\",\"position\":3,\"name\":\"Substances dangereuses test\u00e9es\"}]},{\"@type\":\"WebSite\",\"@id\":\"https:\/\/tinovachem.ch\/fr\/#website\",\"url\":\"https:\/\/tinovachem.ch\/fr\/\",\"name\":\"Tinovachem\",\"description\":\"\",\"potentialAction\":[{\"@type\":\"SearchAction\",\"target\":{\"@type\":\"EntryPoint\",\"urlTemplate\":\"https:\/\/tinovachem.ch\/fr\/?s={search_term_string}\"},\"query-input\":{\"@type\":\"PropertyValueSpecification\",\"valueRequired\":true,\"valueName\":\"search_term_string\"}}],\"inLanguage\":\"fr-FR\"}]}<\/script>\n<!-- \/ Yoast SEO plugin. -->","yoast_head_json":{"title":"Substances dangereuses test\u00e9es - Tinovachem","robots":{"index":"index","follow":"follow","max-snippet":"max-snippet:-1","max-image-preview":"max-image-preview:large","max-video-preview":"max-video-preview:-1"},"canonical":"https:\/\/tinovachem.ch\/fr\/telechargements\/substances-dangereuses-testees\/","og_locale":"fr_FR","og_type":"article","og_title":"Substances dangereuses test\u00e9es - Tinovachem","og_description":"Nous nous ferons un plaisir de vous conseiller sur place pour une analyse des risques. Substances dangereuses test\u00e9es Le laboratoire Prevor a test\u00e9 environ 1500 substances dangereuses \u00e0 ce jour. En entrant le num\u00e9ro CAS, vous pouvez v\u00e9rifier si la Diphot\u00e9rine\u00ae et l'Hexafluorine\u00ae prot\u00e8gent efficacement contre la substance dangereuse que vous [&hellip;]","og_url":"https:\/\/tinovachem.ch\/fr\/telechargements\/substances-dangereuses-testees\/","og_site_name":"Tinovachem","article_modified_time":"2023-07-14T14:15:50+00:00","twitter_card":"summary_large_image","twitter_misc":{"Dur\u00e9e de lecture estim\u00e9e":"2 minutes"},"schema":{"@context":"https:\/\/schema.org","@graph":[{"@type":"WebPage","@id":"https:\/\/tinovachem.ch\/fr\/telechargements\/substances-dangereuses-testees\/","url":"https:\/\/tinovachem.ch\/fr\/telechargements\/substances-dangereuses-testees\/","name":"Substances dangereuses test\u00e9es - Tinovachem","isPartOf":{"@id":"https:\/\/tinovachem.ch\/fr\/#website"},"datePublished":"2023-03-23T16:15:22+00:00","dateModified":"2023-07-14T14:15:50+00:00","breadcrumb":{"@id":"https:\/\/tinovachem.ch\/fr\/telechargements\/substances-dangereuses-testees\/#breadcrumb"},"inLanguage":"fr-FR","potentialAction":[{"@type":"ReadAction","target":["https:\/\/tinovachem.ch\/fr\/telechargements\/substances-dangereuses-testees\/"]}]},{"@type":"BreadcrumbList","@id":"https:\/\/tinovachem.ch\/fr\/telechargements\/substances-dangereuses-testees\/#breadcrumb","itemListElement":[{"@type":"ListItem","position":1,"name":"Startseite","item":"https:\/\/tinovachem.ch\/fr\/"},{"@type":"ListItem","position":2,"name":"T\u00e9l\u00e9chargements","item":"https:\/\/tinovachem.ch\/fr\/telechargements\/"},{"@type":"ListItem","position":3,"name":"Substances dangereuses test\u00e9es"}]},{"@type":"WebSite","@id":"https:\/\/tinovachem.ch\/fr\/#website","url":"https:\/\/tinovachem.ch\/fr\/","name":"Tinovachem","description":"","potentialAction":[{"@type":"SearchAction","target":{"@type":"EntryPoint","urlTemplate":"https:\/\/tinovachem.ch\/fr\/?s={search_term_string}"},"query-input":{"@type":"PropertyValueSpecification","valueRequired":true,"valueName":"search_term_string"}}],"inLanguage":"fr-FR"}]}},"_links":{"self":[{"href":"https:\/\/tinovachem.ch\/fr\/wp-json\/wp\/v2\/pages\/2434"}],"collection":[{"href":"https:\/\/tinovachem.ch\/fr\/wp-json\/wp\/v2\/pages"}],"about":[{"href":"https:\/\/tinovachem.ch\/fr\/wp-json\/wp\/v2\/types\/page"}],"author":[{"embeddable":true,"href":"https:\/\/tinovachem.ch\/fr\/wp-json\/wp\/v2\/users\/2"}],"replies":[{"embeddable":true,"href":"https:\/\/tinovachem.ch\/fr\/wp-json\/wp\/v2\/comments?post=2434"}],"version-history":[{"count":10,"href":"https:\/\/tinovachem.ch\/fr\/wp-json\/wp\/v2\/pages\/2434\/revisions"}],"predecessor-version":[{"id":5552,"href":"https:\/\/tinovachem.ch\/fr\/wp-json\/wp\/v2\/pages\/2434\/revisions\/5552"}],"up":[{"embeddable":true,"href":"https:\/\/tinovachem.ch\/fr\/wp-json\/wp\/v2\/pages\/2414"}],"wp:attachment":[{"href":"https:\/\/tinovachem.ch\/fr\/wp-json\/wp\/v2\/media?parent=2434"}],"curies":[{"name":"wp","href":"https:\/\/api.w.org\/{rel}","templated":true}]}}