{"id":2623,"date":"2021-03-12T12:11:09","date_gmt":"2021-03-12T12:11:09","guid":{"rendered":"https:\/\/tinovachem.ch\/?page_id=2623"},"modified":"2023-03-21T09:39:06","modified_gmt":"2023-03-21T09:39:06","slug":"schutzbrillen","status":"publish","type":"page","link":"https:\/\/tinovachem.ch\/de\/produkte\/persoenliche-schutzausruestung\/schutzbrillen\/","title":{"rendered":"Schutzbrillen"},"content":{"rendered":"<p>[et_pb_section fb_built=&#8220;1&#8243; fullwidth=&#8220;on&#8220; _builder_version=&#8220;4.17.5&#8243; _module_preset=&#8220;default&#8220; background_image=&#8220;https:\/\/tinovachem.ch\/wp-content\/uploads\/2022\/09\/tichem-website_schutzbrillen_2000x1333px.jpg&#8220; custom_padding=&#8220;0px||0px||false|false&#8220; locked=&#8220;off&#8220; global_colors_info=&#8220;{}&#8220;][et_pb_fullwidth_slider show_image_video_mobile=&#8220;on&#8220; module_class=&#8220;bkmi-slider&#8220; _builder_version=&#8220;4.17.5&#8243; _module_preset=&#8220;default&#8220; header_level=&#8220;h1&#8243; min_height=&#8220;500px&#8220; height=&#8220;500px&#8220; max_height=&#8220;500px&#8220; custom_padding=&#8220;100px||100px||false|false&#8220; auto=&#8220;on&#8220; auto_ignore_hover=&#8220;on&#8220; global_colors_info=&#8220;{}&#8220;][\/et_pb_fullwidth_slider][\/et_pb_section][et_pb_section fb_built=&#8220;1&#8243; module_id=&#8220;divi-sticky-header&#8220; _builder_version=&#8220;4.16&#8243; _module_preset=&#8220;default&#8220; background_enable_color=&#8220;off&#8220; custom_padding=&#8220;0px||0px||false|false&#8220; locked=&#8220;off&#8220; global_colors_info=&#8220;{}&#8220;][et_pb_row _builder_version=&#8220;4.16&#8243; _module_preset=&#8220;default&#8220; module_alignment=&#8220;center&#8220; custom_padding=&#8220;10px|0px|10px|0px|false|false&#8220; global_colors_info=&#8220;{}&#8220;][et_pb_column type=&#8220;4_4&#8243; _builder_version=&#8220;4.16&#8243; _module_preset=&#8220;default&#8220; global_colors_info=&#8220;{}&#8220;][lwp_divi_breadcrumbs font_icon=&#8220;&#x35;||divi||400&#8243; _builder_version=&#8220;4.16&#8243; _module_preset=&#8220;default&#8220; global_colors_info=&#8220;{}&#8220;][\/lwp_divi_breadcrumbs][\/et_pb_column][\/et_pb_row][\/et_pb_section][et_pb_section fb_built=&#8220;1&#8243; _builder_version=&#8220;4.16&#8243; _module_preset=&#8220;default&#8220; background_color=&#8220;rgba(0,0,0,0.05)&#8220; global_colors_info=&#8220;{}&#8220; body_font_size_phone=&#8220;18px&#8220; body_font_size_last_edited=&#8220;on|phone&#8220;][et_pb_row _builder_version=&#8220;4.16&#8243; _module_preset=&#8220;default&#8220; global_colors_info=&#8220;{}&#8220;][et_pb_column type=&#8220;4_4&#8243; _builder_version=&#8220;4.16&#8243; _module_preset=&#8220;default&#8220; global_colors_info=&#8220;{}&#8220;][et_pb_image src=&#8220;https:\/\/tinovachem.ch\/wp-content\/uploads\/2021\/02\/ti_symbol_web.svg&#8220; title_text=&#8220;ti_symbol_web&#8220; _builder_version=&#8220;4.16&#8243; _module_preset=&#8220;default&#8220; max_width=&#8220;80px&#8220; global_colors_info=&#8220;{}&#8220;][\/et_pb_image][et_pb_text _builder_version=&#8220;4.17.5&#8243; _module_preset=&#8220;default&#8220; text_font=&#8220;|300|||||||&#8220; text_font_size=&#8220;20px&#8220; text_line_height=&#8220;1.75em&#8220; header_font=&#8220;Oswald|300|||||||&#8220; header_font_size=&#8220;60px&#8220; header_letter_spacing=&#8220;1px&#8220; header_line_height=&#8220;1.2em&#8220; hover_enabled=&#8220;0&#8243; text_font_size_tablet=&#8220;&#8220; text_font_size_phone=&#8220;18px&#8220; text_font_size_last_edited=&#8220;on|tablet&#8220; header_font_size_tablet=&#8220;50px&#8220; header_font_size_phone=&#8220;40px&#8220; header_font_size_last_edited=&#8220;on|desktop&#8220; global_colors_info=&#8220;{}&#8220; sticky_enabled=&#8220;0&#8243;]<\/p>\n<h1>Schutzbrillen<\/h1>\n<p><span data-contrast=\"none\"> Die richtige Schutzbrille kann ein Augenlicht retten. Welche Art von Brillen wird ben\u00f6tigt? <\/span><\/p>\n<p><span data-contrast=\"none\">Es gibt verschiedene Arten, welche in den jeweiligen Einsatzgebieten eines Betriebes verwendet werden \u2013 auch Kombinationen der verschiedenen Arten sind m\u00f6glich. Einige Beispiele:<\/span><span data-ccp-props=\"{&quot;201341983&quot;:0,&quot;335559739&quot;:0,&quot;335559740&quot;:259}\"> <\/span><\/p>\n<ul>\n<li data-leveltext=\"-\" data-font=\"Calibri\" data-listid=\"1\" data-list-defn-props=\"{&quot;335551671&quot;:0,&quot;335552541&quot;:1,&quot;335559684&quot;:-2,&quot;335559685&quot;:720,&quot;335559991&quot;:360,&quot;469769226&quot;:&quot;Calibri&quot;,&quot;469769242&quot;:[8226],&quot;469777803&quot;:&quot;left&quot;,&quot;469777804&quot;:&quot;-&quot;,&quot;469777815&quot;:&quot;hybridMultilevel&quot;}\" aria-setsize=\"-1\" data-aria-posinset=\"0\" data-aria-level=\"1\"><span data-contrast=\"none\"> Besucherbrillen<\/span><span data-ccp-props=\"{&quot;201341983&quot;:0,&quot;335559739&quot;:0,&quot;335559740&quot;:259}\"> <\/span><\/li>\n<li data-leveltext=\"-\" data-font=\"Calibri\" data-listid=\"1\" data-list-defn-props=\"{&quot;335551671&quot;:0,&quot;335552541&quot;:1,&quot;335559684&quot;:-2,&quot;335559685&quot;:720,&quot;335559991&quot;:360,&quot;469769226&quot;:&quot;Calibri&quot;,&quot;469769242&quot;:[8226],&quot;469777803&quot;:&quot;left&quot;,&quot;469777804&quot;:&quot;-&quot;,&quot;469777815&quot;:&quot;hybridMultilevel&quot;}\" aria-setsize=\"-1\" data-aria-posinset=\"0\" data-aria-level=\"1\"><span data-contrast=\"none\"> Schutz vor chemischen Gefahrenstoffen<\/span><\/li>\n<li data-leveltext=\"-\" data-font=\"Calibri\" data-listid=\"1\" data-list-defn-props=\"{&quot;335551671&quot;:0,&quot;335552541&quot;:1,&quot;335559684&quot;:-2,&quot;335559685&quot;:720,&quot;335559991&quot;:360,&quot;469769226&quot;:&quot;Calibri&quot;,&quot;469769242&quot;:[8226],&quot;469777803&quot;:&quot;left&quot;,&quot;469777804&quot;:&quot;-&quot;,&quot;469777815&quot;:&quot;hybridMultilevel&quot;}\" aria-setsize=\"-1\" data-aria-posinset=\"0\" data-aria-level=\"1\"><span data-contrast=\"none\"> \u00dcberbrillen <\/span><span data-ccp-props=\"{&quot;201341983&quot;:0,&quot;335559739&quot;:0,&quot;335559740&quot;:259}\"> <\/span><\/li>\n<\/ul>\n<p><span data-ccp-props=\"{&quot;201341983&quot;:0,&quot;335559739&quot;:0,&quot;335559740&quot;:259}\"><\/span><\/p>\n<p>In unserem <a href=\"https:\/\/shop.tinovachem.ch\/de\/3254-psa\">Shop<\/a> finden Sie weitere Informationen zu unseren Schutzbrillen.<\/p>\n<p>F\u00fcr weitere Informationen kontaktieren Sie uns gerne. Wir unterst\u00fctzen Sie dabei, die f\u00fcr Ihren Betrieb korrekte Schutzbrille zu finden.[\/et_pb_text][\/et_pb_column][\/et_pb_row][\/et_pb_section]<\/p>\n","protected":false},"excerpt":{"rendered":"<p><div class=\"et_pb_module lwp_divi_breadcrumbs lwp_divi_breadcrumbs_0\">\n\t\t\t\t\n\t\t\t\t\n\t\t\t\t\n\t\t\t\t\n\t\t\t\t\n\t\t\t\t\n\t\t\t\t<div class=\"et_pb_module_inner\">\n\t\t\t\t\t<div class=\"lwp-breadcrumbs\"> <span class=\"before\"><\/span> <span vocab=\"https:\/\/schema.org\/\" typeof=\"BreadcrumbList\"><span property=\"itemListElement\" typeof=\"ListItem\"><a property=\"item\" typeof=\"WebPage\" href=\"https:\/\/tinovachem.ch\/de\/\" class=\"home\"><span property=\"name\">Home<\/span><\/a><meta property=\"position\" content=\"1\"><\/span> <span class=\"separator et-pb-icon\">&#x35;<\/span> <\/span><\/div>\n\t\t\t\t<\/div>\n\t\t\t<\/div>Schutzbrillen Die richtige Schutzbrille kann ein Augenlicht retten. Welche Art von Brillen wird ben\u00f6tigt? Es gibt verschiedene Arten, welche in den jeweiligen Einsatzgebieten eines Betriebes verwendet werden \u2013 auch Kombinationen der verschiedenen Arten sind m\u00f6glich. Einige Beispiele: Besucherbrillen Schutz vor chemischen Gefahrenstoffen \u00dcberbrillen In unserem Shop finden Sie weitere Informationen zu [&hellip;]<\/p>\n","protected":false},"author":2,"featured_media":0,"parent":2481,"menu_order":0,"comment_status":"closed","ping_status":"closed","template":"","meta":{"_acf_changed":false,"_et_pb_use_builder":"on","_et_pb_old_content":"","_et_gb_content_width":"","footnotes":""},"class_list":["post-2623","page","type-page","status-publish","hentry"],"acf":[],"yoast_head":"<!-- This site is optimized with the Yoast SEO plugin v25.2 - https:\/\/yoast.com\/wordpress\/plugins\/seo\/ -->\n<title>Schutzbrillen - Tinovachem<\/title>\n<meta name=\"description\" content=\"Die richtige Schutzbrille kann ein Augenlicht retten. Wir beraten Sie gerne in der Auswahl der richtigen Schutzbrille f\u00fcr Ihren Betrieb!\" \/>\n<meta name=\"robots\" content=\"index, nofollow, max-snippet:-1, max-image-preview:large, max-video-preview:-1\" \/>\n<link rel=\"canonical\" href=\"https:\/\/tinovachem.ch\/de\/produkte\/persoenliche-schutzausruestung\/schutzbrillen\/\" \/>\n<meta property=\"og:locale\" content=\"de_DE\" \/>\n<meta property=\"og:type\" content=\"article\" \/>\n<meta property=\"og:title\" content=\"Schutzbrillen - Tinovachem\" \/>\n<meta property=\"og:description\" content=\"Die richtige Schutzbrille kann ein Augenlicht retten. Wir beraten Sie gerne in der Auswahl der richtigen Schutzbrille f\u00fcr Ihren Betrieb!\" \/>\n<meta property=\"og:url\" content=\"https:\/\/tinovachem.ch\/de\/produkte\/persoenliche-schutzausruestung\/schutzbrillen\/\" \/>\n<meta property=\"og:site_name\" content=\"Tinovachem\" \/>\n<meta property=\"article:modified_time\" content=\"2023-03-21T09:39:06+00:00\" \/>\n<meta name=\"twitter:card\" content=\"summary_large_image\" \/>\n<meta name=\"twitter:label1\" content=\"Gesch\u00e4tzte Lesezeit\" \/>\n\t<meta name=\"twitter:data1\" content=\"1\u00a0Minute\" \/>\n<script type=\"application\/ld+json\" class=\"yoast-schema-graph\">{\"@context\":\"https:\/\/schema.org\",\"@graph\":[{\"@type\":\"WebPage\",\"@id\":\"https:\/\/tinovachem.ch\/de\/produkte\/persoenliche-schutzausruestung\/schutzbrillen\/\",\"url\":\"https:\/\/tinovachem.ch\/de\/produkte\/persoenliche-schutzausruestung\/schutzbrillen\/\",\"name\":\"Schutzbrillen - Tinovachem\",\"isPartOf\":{\"@id\":\"https:\/\/tinovachem.ch\/de\/#website\"},\"datePublished\":\"2021-03-12T12:11:09+00:00\",\"dateModified\":\"2023-03-21T09:39:06+00:00\",\"description\":\"Die richtige Schutzbrille kann ein Augenlicht retten. Wir beraten Sie gerne in der Auswahl der richtigen Schutzbrille f\u00fcr Ihren Betrieb!\",\"breadcrumb\":{\"@id\":\"https:\/\/tinovachem.ch\/de\/produkte\/persoenliche-schutzausruestung\/schutzbrillen\/#breadcrumb\"},\"inLanguage\":\"de\",\"potentialAction\":[{\"@type\":\"ReadAction\",\"target\":[\"https:\/\/tinovachem.ch\/de\/produkte\/persoenliche-schutzausruestung\/schutzbrillen\/\"]}]},{\"@type\":\"BreadcrumbList\",\"@id\":\"https:\/\/tinovachem.ch\/de\/produkte\/persoenliche-schutzausruestung\/schutzbrillen\/#breadcrumb\",\"itemListElement\":[{\"@type\":\"ListItem\",\"position\":1,\"name\":\"Startseite\",\"item\":\"https:\/\/tinovachem.ch\/de\/\"},{\"@type\":\"ListItem\",\"position\":2,\"name\":\"Produkte\",\"item\":\"https:\/\/tinovachem.ch\/de\/produkte\/\"},{\"@type\":\"ListItem\",\"position\":3,\"name\":\"Pers\u00f6nliche Schutzausr\u00fcstung\",\"item\":\"https:\/\/tinovachem.ch\/de\/produkte\/persoenliche-schutzausruestung\/\"},{\"@type\":\"ListItem\",\"position\":4,\"name\":\"Schutzbrillen\"}]},{\"@type\":\"WebSite\",\"@id\":\"https:\/\/tinovachem.ch\/de\/#website\",\"url\":\"https:\/\/tinovachem.ch\/de\/\",\"name\":\"Tinovachem\",\"description\":\"\",\"potentialAction\":[{\"@type\":\"SearchAction\",\"target\":{\"@type\":\"EntryPoint\",\"urlTemplate\":\"https:\/\/tinovachem.ch\/de\/?s={search_term_string}\"},\"query-input\":{\"@type\":\"PropertyValueSpecification\",\"valueRequired\":true,\"valueName\":\"search_term_string\"}}],\"inLanguage\":\"de\"}]}<\/script>\n<!-- \/ Yoast SEO plugin. -->","yoast_head_json":{"title":"Schutzbrillen - Tinovachem","description":"Die richtige Schutzbrille kann ein Augenlicht retten. Wir beraten Sie gerne in der Auswahl der richtigen Schutzbrille f\u00fcr Ihren Betrieb!","robots":{"index":"index","follow":"nofollow","max-snippet":"max-snippet:-1","max-image-preview":"max-image-preview:large","max-video-preview":"max-video-preview:-1"},"canonical":"https:\/\/tinovachem.ch\/de\/produkte\/persoenliche-schutzausruestung\/schutzbrillen\/","og_locale":"de_DE","og_type":"article","og_title":"Schutzbrillen - Tinovachem","og_description":"Die richtige Schutzbrille kann ein Augenlicht retten. Wir beraten Sie gerne in der Auswahl der richtigen Schutzbrille f\u00fcr Ihren Betrieb!","og_url":"https:\/\/tinovachem.ch\/de\/produkte\/persoenliche-schutzausruestung\/schutzbrillen\/","og_site_name":"Tinovachem","article_modified_time":"2023-03-21T09:39:06+00:00","twitter_card":"summary_large_image","twitter_misc":{"Gesch\u00e4tzte Lesezeit":"1\u00a0Minute"},"schema":{"@context":"https:\/\/schema.org","@graph":[{"@type":"WebPage","@id":"https:\/\/tinovachem.ch\/de\/produkte\/persoenliche-schutzausruestung\/schutzbrillen\/","url":"https:\/\/tinovachem.ch\/de\/produkte\/persoenliche-schutzausruestung\/schutzbrillen\/","name":"Schutzbrillen - Tinovachem","isPartOf":{"@id":"https:\/\/tinovachem.ch\/de\/#website"},"datePublished":"2021-03-12T12:11:09+00:00","dateModified":"2023-03-21T09:39:06+00:00","description":"Die richtige Schutzbrille kann ein Augenlicht retten. Wir beraten Sie gerne in der Auswahl der richtigen Schutzbrille f\u00fcr Ihren Betrieb!","breadcrumb":{"@id":"https:\/\/tinovachem.ch\/de\/produkte\/persoenliche-schutzausruestung\/schutzbrillen\/#breadcrumb"},"inLanguage":"de","potentialAction":[{"@type":"ReadAction","target":["https:\/\/tinovachem.ch\/de\/produkte\/persoenliche-schutzausruestung\/schutzbrillen\/"]}]},{"@type":"BreadcrumbList","@id":"https:\/\/tinovachem.ch\/de\/produkte\/persoenliche-schutzausruestung\/schutzbrillen\/#breadcrumb","itemListElement":[{"@type":"ListItem","position":1,"name":"Startseite","item":"https:\/\/tinovachem.ch\/de\/"},{"@type":"ListItem","position":2,"name":"Produkte","item":"https:\/\/tinovachem.ch\/de\/produkte\/"},{"@type":"ListItem","position":3,"name":"Pers\u00f6nliche Schutzausr\u00fcstung","item":"https:\/\/tinovachem.ch\/de\/produkte\/persoenliche-schutzausruestung\/"},{"@type":"ListItem","position":4,"name":"Schutzbrillen"}]},{"@type":"WebSite","@id":"https:\/\/tinovachem.ch\/de\/#website","url":"https:\/\/tinovachem.ch\/de\/","name":"Tinovachem","description":"","potentialAction":[{"@type":"SearchAction","target":{"@type":"EntryPoint","urlTemplate":"https:\/\/tinovachem.ch\/de\/?s={search_term_string}"},"query-input":{"@type":"PropertyValueSpecification","valueRequired":true,"valueName":"search_term_string"}}],"inLanguage":"de"}]}},"_links":{"self":[{"href":"https:\/\/tinovachem.ch\/de\/wp-json\/wp\/v2\/pages\/2623"}],"collection":[{"href":"https:\/\/tinovachem.ch\/de\/wp-json\/wp\/v2\/pages"}],"about":[{"href":"https:\/\/tinovachem.ch\/de\/wp-json\/wp\/v2\/types\/page"}],"author":[{"embeddable":true,"href":"https:\/\/tinovachem.ch\/de\/wp-json\/wp\/v2\/users\/2"}],"replies":[{"embeddable":true,"href":"https:\/\/tinovachem.ch\/de\/wp-json\/wp\/v2\/comments?post=2623"}],"version-history":[{"count":10,"href":"https:\/\/tinovachem.ch\/de\/wp-json\/wp\/v2\/pages\/2623\/revisions"}],"predecessor-version":[{"id":4212,"href":"https:\/\/tinovachem.ch\/de\/wp-json\/wp\/v2\/pages\/2623\/revisions\/4212"}],"up":[{"embeddable":true,"href":"https:\/\/tinovachem.ch\/de\/wp-json\/wp\/v2\/pages\/2481"}],"wp:attachment":[{"href":"https:\/\/tinovachem.ch\/de\/wp-json\/wp\/v2\/media?parent=2623"}],"curies":[{"name":"wp","href":"https:\/\/api.w.org\/{rel}","templated":true}]}}