{"id":2477,"date":"2021-03-12T11:10:53","date_gmt":"2021-03-12T11:10:53","guid":{"rendered":"https:\/\/tinovachem.ch\/?page_id=2477"},"modified":"2023-04-05T17:03:31","modified_gmt":"2023-04-05T15:03:31","slug":"oberflaechendekontamination","status":"publish","type":"page","link":"https:\/\/tinovachem.ch\/de\/produkte\/oberflaechendekontamination\/","title":{"rendered":"Oberfl\u00e4chendekontamination"},"content":{"rendered":"<p>[et_pb_section fb_built=&#8220;1&#8243; fullwidth=&#8220;on&#8220; _builder_version=&#8220;4.17.5&#8243; _module_preset=&#8220;default&#8220; background_image=&#8220;https:\/\/tinovachem.ch\/wp-content\/uploads\/2022\/09\/tichem-website_chemische-risiken_2000x1333px.jpg&#8220; custom_padding=&#8220;||||false|false&#8220; locked=&#8220;off&#8220; global_colors_info=&#8220;{}&#8220;][et_pb_fullwidth_slider show_image_video_mobile=&#8220;on&#8220; module_class=&#8220;bkmi-slider&#8220; _builder_version=&#8220;4.20.2&#8243; _module_preset=&#8220;default&#8220; header_level=&#8220;h1&#8243; min_height=&#8220;500px&#8220; height=&#8220;500px&#8220; max_height=&#8220;500px&#8220; custom_padding=&#8220;100px||100px||false|false&#8220; auto=&#8220;on&#8220; auto_ignore_hover=&#8220;on&#8220; global_colors_info=&#8220;{}&#8220;][et_pb_slide heading=&#8220;Beratung&#8220; button_text=&#8220;Kontaktieren Sie uns&#8220; button_link=&#8220;@ET-DC@eyJkeW5hbWljIjp0cnVlLCJjb250ZW50IjoicG9zdF9saW5rX3VybF9wYWdlIiwic2V0dGluZ3MiOnsicG9zdF9pZCI6IjIwIn19@&#8220; _builder_version=&#8220;4.20.2&#8243; _dynamic_attributes=&#8220;button_link&#8220; _module_preset=&#8220;default&#8220; header_level=&#8220;h3&#8243; header_font=&#8220;Oswald|300|||||||&#8220; header_text_color=&#8220;#000000&#8243; header_font_size=&#8220;40px&#8220; header_letter_spacing=&#8220;1px&#8220; header_line_height=&#8220;1.75em&#8220; body_font=&#8220;Open Sans|300|||||||&#8220; body_text_color=&#8220;#000000&#8243; body_font_size=&#8220;20px&#8220; body_line_height=&#8220;1.75em&#8220; background_image=&#8220;https:\/\/tinovachem.ch\/wp-content\/uploads\/2022\/09\/tichem-website_chemische-risiken_2000x1333px.jpg&#8220; background_enable_image=&#8220;on&#8220; header_font_size_tablet=&#8220;30px&#8220; header_font_size_phone=&#8220;30px&#8220; header_font_size_last_edited=&#8220;on|desktop&#8220; custom_css_slide_title=&#8220;text-shadow: none ! important;&#8220; custom_css_slide_container=&#8220;border-style: solid;||border-radius: 500px;||border-left-width: 1vw;||border-color: #ffffff #ffffff #ffffff #6CCFF0;||box-shadow: -20px 0px 0px 0px #00a7e1;||max-width: 450px;||max-height: 460px ! important;||background: rgba(255,255,255,0.9);||float: right;||margin-bottom: 20px ! important;||margin-top: 20px;||padding-bottom: 0px;||padding-top: 0px;||padding-left: 0px;||padding-right: 0px;&#8220; custom_css_slide_description=&#8220;padding-top: 0 ! important;||padding-bottom: 0 ! important;||text-shadow: none ! important;&#8220; global_colors_info=&#8220;{}&#8220; sticky_transition=&#8220;on&#8220;]<\/p>\n<p>Gerne beraten wir Sie bei Ihnen vor Ort f\u00fcr eine Gefahrenanalyse.\u00a0<\/p>\n<p>[\/et_pb_slide][\/et_pb_fullwidth_slider][\/et_pb_section][et_pb_section fb_built=&#8220;1&#8243; _builder_version=&#8220;4.17.5&#8243; _module_preset=&#8220;default&#8220; background_color=&#8220;#FFFFFF&#8220; custom_padding=&#8220;2px||0px||false|false&#8220; locked=&#8220;off&#8220; global_colors_info=&#8220;{}&#8220;][et_pb_row _builder_version=&#8220;4.16&#8243; _module_preset=&#8220;default&#8220; module_alignment=&#8220;center&#8220; custom_padding=&#8220;10px|0px|10px|0px|false|false&#8220; global_colors_info=&#8220;{}&#8220;][et_pb_column type=&#8220;4_4&#8243; _builder_version=&#8220;4.16&#8243; _module_preset=&#8220;default&#8220; global_colors_info=&#8220;{}&#8220;][lwp_divi_breadcrumbs font_icon=&#8220;&#x35;||divi||400&#8243; _builder_version=&#8220;4.17.5&#8243; _module_preset=&#8220;default&#8220; background_color=&#8220;#FFFFFF&#8220; global_colors_info=&#8220;{}&#8220;][\/lwp_divi_breadcrumbs][\/et_pb_column][\/et_pb_row][\/et_pb_section][et_pb_section fb_built=&#8220;1&#8243; _builder_version=&#8220;4.16&#8243; _module_preset=&#8220;default&#8220; background_color=&#8220;rgba(0,0,0,0.05)&#8220; locked=&#8220;off&#8220; global_colors_info=&#8220;{}&#8220; body_font_size_phone=&#8220;18px&#8220; body_font_size_last_edited=&#8220;on|phone&#8220;][et_pb_row _builder_version=&#8220;4.16&#8243; _module_preset=&#8220;default&#8220; global_colors_info=&#8220;{}&#8220;][et_pb_column type=&#8220;4_4&#8243; _builder_version=&#8220;4.16&#8243; _module_preset=&#8220;default&#8220; global_colors_info=&#8220;{}&#8220;][et_pb_image src=&#8220;https:\/\/tinovachem.ch\/wp-content\/uploads\/2021\/02\/ti_symbol_web.svg&#8220; title_text=&#8220;ti_symbol_web&#8220; _builder_version=&#8220;4.16&#8243; _module_preset=&#8220;default&#8220; max_width=&#8220;80px&#8220; locked=&#8220;off&#8220; global_colors_info=&#8220;{}&#8220;][\/et_pb_image][et_pb_text _builder_version=&#8220;4.20.4&#8243; _module_preset=&#8220;default&#8220; text_font=&#8220;|300|||||||&#8220; text_font_size=&#8220;20px&#8220; text_line_height=&#8220;1.75em&#8220; header_font=&#8220;Oswald|300|||||||&#8220; header_font_size=&#8220;60px&#8220; header_letter_spacing=&#8220;1px&#8220; header_line_height=&#8220;1.2em&#8220; hover_enabled=&#8220;0&#8243; text_font_size_tablet=&#8220;&#8220; text_font_size_phone=&#8220;18px&#8220; text_font_size_last_edited=&#8220;on|tablet&#8220; header_font_size_tablet=&#8220;50px&#8220; header_font_size_phone=&#8220;40px&#8220; header_font_size_last_edited=&#8220;on|desktop&#8220; global_colors_info=&#8220;{}&#8220; sticky_enabled=&#8220;0&#8243;]<\/p>\n<h1>Oberfl\u00e4chendekontamination<\/h1>\n<p><span data-contrast=\"auto\">Sind Oberfl\u00e4chen, Maschinen oder Arbeitsinstrumente mit Chemikalien kontaminiert, ist es unerl\u00e4sslich eine Dekontamination des Materials in die Arbeitsabl\u00e4ufe einzubinden. Nur so k\u00f6nnen Sie Ver\u00e4tzungen von Mitarbeitern und korrodierte Materialien vermeiden.<\/span><span data-ccp-props=\"{&quot;201341983&quot;:0,&quot;335559739&quot;:0,&quot;335559740&quot;:259}\">\u00a0<\/span><\/p>\n<p><span data-contrast=\"auto\">Bei den allt\u00e4glichsten Arbeiten k\u00f6nnen Materialen und Oberfl\u00e4chen kontaminiert werden \u2013 aus diesen Gr\u00fcnden ist es unumg\u00e4nglich, eine Dekontamination zum Schutz von Mensch und Umwelt einzubauen.<\/span><span data-ccp-props=\"{&quot;201341983&quot;:0,&quot;335559739&quot;:0,&quot;335559740&quot;:259}\">\u00a0<\/span><\/p>\n<p><span data-contrast=\"auto\">Die Vorteile bzw. die Eigenschaften von Dekontaminationsl\u00f6sungen:<\/span><span data-ccp-props=\"{&quot;201341983&quot;:0,&quot;335559739&quot;:0,&quot;335559740&quot;:259}\">\u00a0<\/span><\/p>\n<ul>\n<li data-leveltext=\"-\" data-font=\"Calibri\" data-listid=\"1\" data-list-defn-props=\"{&quot;335551671&quot;:0,&quot;335552541&quot;:1,&quot;335559684&quot;:-2,&quot;335559685&quot;:720,&quot;335559991&quot;:360,&quot;469769226&quot;:&quot;Calibri&quot;,&quot;469769242&quot;:[8226],&quot;469777803&quot;:&quot;left&quot;,&quot;469777804&quot;:&quot;-&quot;,&quot;469777815&quot;:&quot;hybridMultilevel&quot;}\" aria-setsize=\"-1\" data-aria-posinset=\"0\" data-aria-level=\"1\"><span data-contrast=\"auto\">Neutralisiert Gefahrenstoffe und macht Sie f\u00fcr Mensch und Umwelt unsch\u00e4dlich<\/span><span data-ccp-props=\"{&quot;201341983&quot;:0,&quot;335559739&quot;:0,&quot;335559740&quot;:259}\">\u00a0<\/span><\/li>\n<li data-leveltext=\"-\" data-font=\"Calibri\" data-listid=\"1\" data-list-defn-props=\"{&quot;335551671&quot;:0,&quot;335552541&quot;:1,&quot;335559684&quot;:-2,&quot;335559685&quot;:720,&quot;335559991&quot;:360,&quot;469769226&quot;:&quot;Calibri&quot;,&quot;469769242&quot;:[8226],&quot;469777803&quot;:&quot;left&quot;,&quot;469777804&quot;:&quot;-&quot;,&quot;469777815&quot;:&quot;hybridMultilevel&quot;}\" aria-setsize=\"-1\" data-aria-posinset=\"0\" data-aria-level=\"1\"><span data-contrast=\"auto\">Geringeres Verletzungsrisiko der Mitarbeitenden<\/span><span data-ccp-props=\"{&quot;201341983&quot;:0,&quot;335559739&quot;:0,&quot;335559740&quot;:259}\">\u00a0<\/span><\/li>\n<li data-leveltext=\"-\" data-font=\"Calibri\" data-listid=\"1\" data-list-defn-props=\"{&quot;335551671&quot;:0,&quot;335552541&quot;:1,&quot;335559684&quot;:-2,&quot;335559685&quot;:720,&quot;335559991&quot;:360,&quot;469769226&quot;:&quot;Calibri&quot;,&quot;469769242&quot;:[8226],&quot;469777803&quot;:&quot;left&quot;,&quot;469777804&quot;:&quot;-&quot;,&quot;469777815&quot;:&quot;hybridMultilevel&quot;}\" aria-setsize=\"-1\" data-aria-posinset=\"0\" data-aria-level=\"1\"><span data-contrast=\"auto\">Vermeidet Sonderabfall und somit hohe Kosten<\/span><span data-ccp-props=\"{&quot;201341983&quot;:0,&quot;335559739&quot;:0,&quot;335559740&quot;:259}\">\u00a0<\/span><\/li>\n<li data-leveltext=\"-\" data-font=\"Calibri\" data-listid=\"1\" data-list-defn-props=\"{&quot;335551671&quot;:0,&quot;335552541&quot;:1,&quot;335559684&quot;:-2,&quot;335559685&quot;:720,&quot;335559991&quot;:360,&quot;469769226&quot;:&quot;Calibri&quot;,&quot;469769242&quot;:[8226],&quot;469777803&quot;:&quot;left&quot;,&quot;469777804&quot;:&quot;-&quot;,&quot;469777815&quot;:&quot;hybridMultilevel&quot;}\" aria-setsize=\"-1\" data-aria-posinset=\"0\" data-aria-level=\"1\"><span data-contrast=\"auto\">Zwischenfall kann intern und ohne Hilfe einer externen Firma bew\u00e4ltigt werden<\/span><span data-ccp-props=\"{&quot;201341983&quot;:0,&quot;335559739&quot;:0,&quot;335559740&quot;:259}\">\u00a0<\/span><\/li>\n<li data-leveltext=\"-\" data-font=\"Calibri\" data-listid=\"1\" data-list-defn-props=\"{&quot;335551671&quot;:0,&quot;335552541&quot;:1,&quot;335559684&quot;:-2,&quot;335559685&quot;:720,&quot;335559991&quot;:360,&quot;469769226&quot;:&quot;Calibri&quot;,&quot;469769242&quot;:[8226],&quot;469777803&quot;:&quot;left&quot;,&quot;469777804&quot;:&quot;-&quot;,&quot;469777815&quot;:&quot;hybridMultilevel&quot;}\" aria-setsize=\"-1\" data-aria-posinset=\"0\" data-aria-level=\"1\"><span data-contrast=\"auto\">Lebensdauer von kontaminiertem Material wird massiv erh\u00f6ht<\/span><span data-ccp-props=\"{&quot;201341983&quot;:0,&quot;335559739&quot;:0,&quot;335559740&quot;:259}\">\u00a0<\/span><\/li>\n<li data-leveltext=\"-\" data-font=\"Calibri\" data-listid=\"1\" data-list-defn-props=\"{&quot;335551671&quot;:0,&quot;335552541&quot;:1,&quot;335559684&quot;:-2,&quot;335559685&quot;:720,&quot;335559991&quot;:360,&quot;469769226&quot;:&quot;Calibri&quot;,&quot;469769242&quot;:[8226],&quot;469777803&quot;:&quot;left&quot;,&quot;469777804&quot;:&quot;-&quot;,&quot;469777815&quot;:&quot;hybridMultilevel&quot;}\" aria-setsize=\"-1\" data-aria-posinset=\"0\" data-aria-level=\"1\"><span data-contrast=\"auto\">F\u00e4hig, die extrem giftige Flusss\u00e4ure (HF) zu neutralisieren (Ausnahme: LeVert)<\/span><span data-ccp-props=\"{&quot;201341983&quot;:0,&quot;335559739&quot;:0,&quot;335559740&quot;:259}\">\u00a0<\/span><span data-ccp-props=\"{&quot;201341983&quot;:0,&quot;335559739&quot;:0,&quot;335559740&quot;:259}\"><\/span><\/li>\n<\/ul>\n<p><span data-ccp-props=\"{&quot;201341983&quot;:0,&quot;335559739&quot;:0,&quot;335559740&quot;:259}\"><\/span><\/p>\n<p><span data-contrast=\"auto\">Gerne stehen wir Ihnen f\u00fcr Fragen zur Verf\u00fcgung. <a href=\"https:\/\/tinovachem.ch\/de\/kontakt\/\">Kontaktieren<\/a> Sie uns.<\/span><span data-ccp-props=\"{&quot;201341983&quot;:0,&quot;335559739&quot;:0,&quot;335559740&quot;:259}\">\u00a0<\/span>[\/et_pb_text][\/et_pb_column][\/et_pb_row][\/et_pb_section][et_pb_section fb_built=&#8220;1&#8243; _builder_version=&#8220;4.17.5&#8243; _module_preset=&#8220;default&#8220; global_colors_info=&#8220;{}&#8220;][et_pb_row _builder_version=&#8220;4.17.5&#8243; _module_preset=&#8220;default&#8220; global_colors_info=&#8220;{}&#8220;][et_pb_column type=&#8220;4_4&#8243; _builder_version=&#8220;4.17.5&#8243; _module_preset=&#8220;default&#8220; global_colors_info=&#8220;{}&#8220;][et_pb_text _builder_version=&#8220;4.17.5&#8243; _module_preset=&#8220;default&#8220; global_colors_info=&#8220;{}&#8220;]<\/p>\n<h2><strong>Unsere Oberfl\u00e4chendekontamination im \u00dcberblick<\/strong><\/h2>\n<h2><\/h2>\n<p>[\/et_pb_text][\/et_pb_column][\/et_pb_row][et_pb_row column_structure=&#8220;1_3,1_3,1_3&#8243; _builder_version=&#8220;4.17.5&#8243; _module_preset=&#8220;default&#8220; global_colors_info=&#8220;{}&#8220;][et_pb_column type=&#8220;1_3&#8243; _builder_version=&#8220;4.17.5&#8243; _module_preset=&#8220;default&#8220; global_colors_info=&#8220;{}&#8220;][et_pb_image src=&#8220;https:\/\/tinovachem.ch\/wp-content\/uploads\/2022\/09\/tichem-website_schutzhandschuhe_2000x1333px.jpg&#8220; alt=&#8220;PSA Schutzhandschuhe&#8220; title_text=&#8220;PSA Schutzhandschuhe&#8220; _builder_version=&#8220;4.17.5&#8243; _module_preset=&#8220;default&#8220; global_colors_info=&#8220;{}&#8220;][\/et_pb_image][et_pb_text _builder_version=&#8220;4.17.5&#8243; _module_preset=&#8220;default&#8220; global_colors_info=&#8220;{}&#8220;]<\/p>\n<h2 style=\"text-align: center;\"><strong>Safurex\u00ae<\/strong><\/h2>\n<p style=\"text-align: center;\">Oberfl\u00e4chendekontamination f\u00fcr alle Chemikalien inkl. Flusss\u00e4ure<\/p>\n<p>[\/et_pb_text][et_pb_button button_url=&#8220;@ET-DC@eyJkeW5hbWljIjp0cnVlLCJjb250ZW50IjoicG9zdF9saW5rX3VybF9wYWdlIiwic2V0dGluZ3MiOnsicG9zdF9pZCI6IjI2MDMifX0=@&#8220; button_text=&#8220;Mehr erfahren&#8220; button_alignment=&#8220;center&#8220; _builder_version=&#8220;4.17.5&#8243; _dynamic_attributes=&#8220;button_url&#8220; _module_preset=&#8220;default&#8220; locked=&#8220;off&#8220; global_colors_info=&#8220;{}&#8220;][\/et_pb_button][\/et_pb_column][et_pb_column type=&#8220;1_3&#8243; _builder_version=&#8220;4.17.5&#8243; _module_preset=&#8220;default&#8220; global_colors_info=&#8220;{}&#8220;][et_pb_image src=&#8220;https:\/\/tinovachem.ch\/wp-content\/uploads\/2022\/09\/tichem-website_banner_oberflaechendekontamination_2000x1333px.jpg&#8220; alt=&#8220;Oberfl\u00e4chendekontamination&#8220; title_text=&#8220;Oberfl\u00e4chendekontamination&#8220; _builder_version=&#8220;4.17.5&#8243; _module_preset=&#8220;default&#8220; global_colors_info=&#8220;{}&#8220;][\/et_pb_image][et_pb_text _builder_version=&#8220;4.17.5&#8243; _module_preset=&#8220;default&#8220; global_colors_info=&#8220;{}&#8220;]<\/p>\n<h2 style=\"text-align: center;\"><strong>LeVert<\/strong><\/h2>\n<p style=\"text-align: center;\">Oberfl\u00e4chendekontamination f\u00fcr S\u00e4uren und Laugen<\/p>\n<p>[\/et_pb_text][et_pb_button button_url=&#8220;@ET-DC@eyJkeW5hbWljIjp0cnVlLCJjb250ZW50IjoicG9zdF9saW5rX3VybF9wYWdlIiwic2V0dGluZ3MiOnsicG9zdF9pZCI6IjI2MDcifX0=@&#8220; button_text=&#8220;Mehr erfahren&#8220; button_alignment=&#8220;center&#8220; _builder_version=&#8220;4.17.5&#8243; _dynamic_attributes=&#8220;button_url&#8220; _module_preset=&#8220;default&#8220; locked=&#8220;off&#8220; global_colors_info=&#8220;{}&#8220;][\/et_pb_button][\/et_pb_column][et_pb_column type=&#8220;1_3&#8243; _builder_version=&#8220;4.17.5&#8243; _module_preset=&#8220;default&#8220; global_colors_info=&#8220;{}&#8220;][et_pb_image src=&#8220;https:\/\/tinovachem.ch\/wp-content\/uploads\/2022\/09\/tichem-website_chemische-risiken_2000x1333px.jpg&#8220; alt=&#8220;Chemische Risiken&#8220; title_text=&#8220;Chemische Risiken&#8220; _builder_version=&#8220;4.17.5&#8243; _module_preset=&#8220;default&#8220; global_colors_info=&#8220;{}&#8220;][\/et_pb_image][et_pb_text _builder_version=&#8220;4.17.5&#8243; _module_preset=&#8220;default&#8220; global_colors_info=&#8220;{}&#8220;]<\/p>\n<h2 style=\"text-align: center;\"><strong>LeVert HF<\/strong><\/h2>\n<p style=\"text-align: center;\">Oberfl\u00e4chendekontamination f\u00fcr Flusss\u00e4ure<\/p>\n<p>[\/et_pb_text][et_pb_button button_url=&#8220;@ET-DC@eyJkeW5hbWljIjp0cnVlLCJjb250ZW50IjoicG9zdF9saW5rX3VybF9wYWdlIiwic2V0dGluZ3MiOnsicG9zdF9pZCI6IjI2MTEifX0=@&#8220; button_text=&#8220;Mehr erfahren&#8220; button_alignment=&#8220;center&#8220; _builder_version=&#8220;4.17.5&#8243; _dynamic_attributes=&#8220;button_url&#8220; _module_preset=&#8220;default&#8220; locked=&#8220;off&#8220; global_colors_info=&#8220;{}&#8220;][\/et_pb_button][\/et_pb_column][\/et_pb_row][\/et_pb_section]<\/p>\n","protected":false},"excerpt":{"rendered":"<p>Gerne beraten wir Sie bei Ihnen vor Ort f\u00fcr eine Gefahrenanalyse.\u00a0<div class=\"et_pb_module lwp_divi_breadcrumbs lwp_divi_breadcrumbs_0\">\n\t\t\t\t\n\t\t\t\t\n\t\t\t\t\n\t\t\t\t\n\t\t\t\t\n\t\t\t\t\n\t\t\t\t<div class=\"et_pb_module_inner\">\n\t\t\t\t\t<div class=\"lwp-breadcrumbs\"> <span class=\"before\"><\/span> <span vocab=\"https:\/\/schema.org\/\" typeof=\"BreadcrumbList\"><span property=\"itemListElement\" typeof=\"ListItem\"><a property=\"item\" typeof=\"WebPage\" href=\"https:\/\/tinovachem.ch\/de\/\" class=\"home\"><span property=\"name\">Home<\/span><\/a><meta property=\"position\" content=\"1\"><\/span> <span class=\"separator et-pb-icon\">5<\/span> <\/span><\/div>\n\t\t\t\t<\/div>\n\t\t\t<\/div>Oberfl\u00e4chendekontamination Sind Oberfl\u00e4chen, Maschinen oder Arbeitsinstrumente mit Chemikalien kontaminiert, ist es unerl\u00e4sslich eine Dekontamination des Materials in die Arbeitsabl\u00e4ufe einzubinden. Nur so k\u00f6nnen Sie Ver\u00e4tzungen von Mitarbeitern und korrodierte Materialien vermeiden.\u00a0 Bei den allt\u00e4glichsten Arbeiten k\u00f6nnen Materialen und Oberfl\u00e4chen kontaminiert [&hellip;]<\/p>\n","protected":false},"author":2,"featured_media":0,"parent":2456,"menu_order":0,"comment_status":"closed","ping_status":"closed","template":"","meta":{"_acf_changed":false,"_et_pb_use_builder":"on","_et_pb_old_content":"","_et_gb_content_width":"","footnotes":""},"class_list":["post-2477","page","type-page","status-publish","hentry"],"acf":[],"yoast_head":"<!-- This site is optimized with the Yoast SEO plugin v25.2 - https:\/\/yoast.com\/wordpress\/plugins\/seo\/ -->\n<title>Oberfl\u00e4chendekontamination - Tinovachem<\/title>\n<meta name=\"description\" content=\"Wir bieten diverse L\u00f6sungen zur Oberfl\u00e4chendekontamination von kontaminierten Oberfl\u00e4chen, Maschinen und Arbeitsinstrumenten.\" \/>\n<meta name=\"robots\" content=\"index, nofollow, max-snippet:-1, max-image-preview:large, max-video-preview:-1\" \/>\n<link rel=\"canonical\" href=\"https:\/\/tinovachem.ch\/de\/produkte\/oberflaechendekontamination\/\" \/>\n<meta property=\"og:locale\" content=\"de_DE\" \/>\n<meta property=\"og:type\" content=\"article\" \/>\n<meta property=\"og:title\" content=\"Oberfl\u00e4chendekontamination - Tinovachem\" \/>\n<meta property=\"og:description\" content=\"Wir bieten diverse L\u00f6sungen zur Oberfl\u00e4chendekontamination von kontaminierten Oberfl\u00e4chen, Maschinen und Arbeitsinstrumenten.\" \/>\n<meta property=\"og:url\" content=\"https:\/\/tinovachem.ch\/de\/produkte\/oberflaechendekontamination\/\" \/>\n<meta property=\"og:site_name\" content=\"Tinovachem\" \/>\n<meta property=\"article:modified_time\" content=\"2023-04-05T15:03:31+00:00\" \/>\n<meta name=\"twitter:card\" content=\"summary_large_image\" \/>\n<meta name=\"twitter:label1\" content=\"Gesch\u00e4tzte Lesezeit\" \/>\n\t<meta name=\"twitter:data1\" content=\"2\u00a0Minuten\" \/>\n<script type=\"application\/ld+json\" class=\"yoast-schema-graph\">{\"@context\":\"https:\/\/schema.org\",\"@graph\":[{\"@type\":\"WebPage\",\"@id\":\"https:\/\/tinovachem.ch\/de\/produkte\/oberflaechendekontamination\/\",\"url\":\"https:\/\/tinovachem.ch\/de\/produkte\/oberflaechendekontamination\/\",\"name\":\"Oberfl\u00e4chendekontamination - Tinovachem\",\"isPartOf\":{\"@id\":\"https:\/\/tinovachem.ch\/de\/#website\"},\"datePublished\":\"2021-03-12T11:10:53+00:00\",\"dateModified\":\"2023-04-05T15:03:31+00:00\",\"description\":\"Wir bieten diverse L\u00f6sungen zur Oberfl\u00e4chendekontamination von kontaminierten Oberfl\u00e4chen, Maschinen und Arbeitsinstrumenten.\",\"breadcrumb\":{\"@id\":\"https:\/\/tinovachem.ch\/de\/produkte\/oberflaechendekontamination\/#breadcrumb\"},\"inLanguage\":\"de\",\"potentialAction\":[{\"@type\":\"ReadAction\",\"target\":[\"https:\/\/tinovachem.ch\/de\/produkte\/oberflaechendekontamination\/\"]}]},{\"@type\":\"BreadcrumbList\",\"@id\":\"https:\/\/tinovachem.ch\/de\/produkte\/oberflaechendekontamination\/#breadcrumb\",\"itemListElement\":[{\"@type\":\"ListItem\",\"position\":1,\"name\":\"Startseite\",\"item\":\"https:\/\/tinovachem.ch\/de\/\"},{\"@type\":\"ListItem\",\"position\":2,\"name\":\"Produkte\",\"item\":\"https:\/\/tinovachem.ch\/de\/produkte\/\"},{\"@type\":\"ListItem\",\"position\":3,\"name\":\"Oberfl\u00e4chendekontamination\"}]},{\"@type\":\"WebSite\",\"@id\":\"https:\/\/tinovachem.ch\/de\/#website\",\"url\":\"https:\/\/tinovachem.ch\/de\/\",\"name\":\"Tinovachem\",\"description\":\"\",\"potentialAction\":[{\"@type\":\"SearchAction\",\"target\":{\"@type\":\"EntryPoint\",\"urlTemplate\":\"https:\/\/tinovachem.ch\/de\/?s={search_term_string}\"},\"query-input\":{\"@type\":\"PropertyValueSpecification\",\"valueRequired\":true,\"valueName\":\"search_term_string\"}}],\"inLanguage\":\"de\"}]}<\/script>\n<!-- \/ Yoast SEO plugin. -->","yoast_head_json":{"title":"Oberfl\u00e4chendekontamination - Tinovachem","description":"Wir bieten diverse L\u00f6sungen zur Oberfl\u00e4chendekontamination von kontaminierten Oberfl\u00e4chen, Maschinen und Arbeitsinstrumenten.","robots":{"index":"index","follow":"nofollow","max-snippet":"max-snippet:-1","max-image-preview":"max-image-preview:large","max-video-preview":"max-video-preview:-1"},"canonical":"https:\/\/tinovachem.ch\/de\/produkte\/oberflaechendekontamination\/","og_locale":"de_DE","og_type":"article","og_title":"Oberfl\u00e4chendekontamination - Tinovachem","og_description":"Wir bieten diverse L\u00f6sungen zur Oberfl\u00e4chendekontamination von kontaminierten Oberfl\u00e4chen, Maschinen und Arbeitsinstrumenten.","og_url":"https:\/\/tinovachem.ch\/de\/produkte\/oberflaechendekontamination\/","og_site_name":"Tinovachem","article_modified_time":"2023-04-05T15:03:31+00:00","twitter_card":"summary_large_image","twitter_misc":{"Gesch\u00e4tzte Lesezeit":"2\u00a0Minuten"},"schema":{"@context":"https:\/\/schema.org","@graph":[{"@type":"WebPage","@id":"https:\/\/tinovachem.ch\/de\/produkte\/oberflaechendekontamination\/","url":"https:\/\/tinovachem.ch\/de\/produkte\/oberflaechendekontamination\/","name":"Oberfl\u00e4chendekontamination - Tinovachem","isPartOf":{"@id":"https:\/\/tinovachem.ch\/de\/#website"},"datePublished":"2021-03-12T11:10:53+00:00","dateModified":"2023-04-05T15:03:31+00:00","description":"Wir bieten diverse L\u00f6sungen zur Oberfl\u00e4chendekontamination von kontaminierten Oberfl\u00e4chen, Maschinen und Arbeitsinstrumenten.","breadcrumb":{"@id":"https:\/\/tinovachem.ch\/de\/produkte\/oberflaechendekontamination\/#breadcrumb"},"inLanguage":"de","potentialAction":[{"@type":"ReadAction","target":["https:\/\/tinovachem.ch\/de\/produkte\/oberflaechendekontamination\/"]}]},{"@type":"BreadcrumbList","@id":"https:\/\/tinovachem.ch\/de\/produkte\/oberflaechendekontamination\/#breadcrumb","itemListElement":[{"@type":"ListItem","position":1,"name":"Startseite","item":"https:\/\/tinovachem.ch\/de\/"},{"@type":"ListItem","position":2,"name":"Produkte","item":"https:\/\/tinovachem.ch\/de\/produkte\/"},{"@type":"ListItem","position":3,"name":"Oberfl\u00e4chendekontamination"}]},{"@type":"WebSite","@id":"https:\/\/tinovachem.ch\/de\/#website","url":"https:\/\/tinovachem.ch\/de\/","name":"Tinovachem","description":"","potentialAction":[{"@type":"SearchAction","target":{"@type":"EntryPoint","urlTemplate":"https:\/\/tinovachem.ch\/de\/?s={search_term_string}"},"query-input":{"@type":"PropertyValueSpecification","valueRequired":true,"valueName":"search_term_string"}}],"inLanguage":"de"}]}},"_links":{"self":[{"href":"https:\/\/tinovachem.ch\/de\/wp-json\/wp\/v2\/pages\/2477"}],"collection":[{"href":"https:\/\/tinovachem.ch\/de\/wp-json\/wp\/v2\/pages"}],"about":[{"href":"https:\/\/tinovachem.ch\/de\/wp-json\/wp\/v2\/types\/page"}],"author":[{"embeddable":true,"href":"https:\/\/tinovachem.ch\/de\/wp-json\/wp\/v2\/users\/2"}],"replies":[{"embeddable":true,"href":"https:\/\/tinovachem.ch\/de\/wp-json\/wp\/v2\/comments?post=2477"}],"version-history":[{"count":31,"href":"https:\/\/tinovachem.ch\/de\/wp-json\/wp\/v2\/pages\/2477\/revisions"}],"predecessor-version":[{"id":5260,"href":"https:\/\/tinovachem.ch\/de\/wp-json\/wp\/v2\/pages\/2477\/revisions\/5260"}],"up":[{"embeddable":true,"href":"https:\/\/tinovachem.ch\/de\/wp-json\/wp\/v2\/pages\/2456"}],"wp:attachment":[{"href":"https:\/\/tinovachem.ch\/de\/wp-json\/wp\/v2\/media?parent=2477"}],"curies":[{"name":"wp","href":"https:\/\/api.w.org\/{rel}","templated":true}]}}