{"id":2422,"date":"2021-03-04T16:09:12","date_gmt":"2021-03-04T16:09:12","guid":{"rendered":"https:\/\/tinovachem.ch\/?page_id=2422"},"modified":"2025-04-22T14:23:52","modified_gmt":"2025-04-22T12:23:52","slug":"wissenschaftliche-publikationen","status":"publish","type":"page","link":"https:\/\/tinovachem.ch\/de\/downloads\/wissenschaftliche-publikationen\/","title":{"rendered":"Wissenschaftliche Publikationen"},"content":{"rendered":"<p>[et_pb_section fb_built=&#8220;1&#8243; fullwidth=&#8220;on&#8220; _builder_version=&#8220;4.16&#8243; _module_preset=&#8220;default&#8220; custom_padding=&#8220;0px||0px||false|false&#8220; locked=&#8220;off&#8220; global_colors_info=&#8220;{}&#8220;][et_pb_fullwidth_slider show_image_video_mobile=&#8220;on&#8220; module_class=&#8220;bkmi-slider&#8220; _builder_version=&#8220;4.17.5&#8243; _dynamic_attributes=&#8220;link_option_url&#8220; _module_preset=&#8220;default&#8220; header_level=&#8220;h1&#8243; min_height=&#8220;500px&#8220; height=&#8220;500px&#8220; max_height=&#8220;500px&#8220; custom_padding=&#8220;100px||100px||false|false&#8220; auto=&#8220;on&#8220; auto_ignore_hover=&#8220;on&#8220; link_option_url=&#8220;@ET-DC@eyJkeW5hbWljIjp0cnVlLCJjb250ZW50IjoicG9zdF9saW5rX3VybF9wYWdlIiwic2V0dGluZ3MiOnsicG9zdF9pZCI6IjIwIn19@&#8220; global_colors_info=&#8220;{}&#8220;][et_pb_slide heading=&#8220;Gefahrenanalyse&#8220; button_text=&#8220;Kontaktieren Sie uns&#8220; button_link=&#8220;@ET-DC@eyJkeW5hbWljIjp0cnVlLCJjb250ZW50IjoicG9zdF9saW5rX3VybF9wYWdlIiwic2V0dGluZ3MiOnsicG9zdF9pZCI6IjIwIn19@&#8220; _builder_version=&#8220;4.17.5&#8243; _dynamic_attributes=&#8220;button_link&#8220; _module_preset=&#8220;default&#8220; header_level=&#8220;h3&#8243; header_font=&#8220;Oswald|300|||||||&#8220; header_text_color=&#8220;#000000&#8243; header_font_size=&#8220;40px&#8220; header_letter_spacing=&#8220;1px&#8220; header_line_height=&#8220;1.75em&#8220; body_font=&#8220;Open Sans|300|||||||&#8220; body_text_color=&#8220;#000000&#8243; body_font_size=&#8220;20px&#8220; body_line_height=&#8220;1.75em&#8220; background_image=&#8220;https:\/\/tinovachem.ch\/wp-content\/uploads\/2023\/03\/tichem-website_banner_gefahrenanalyse_2000x525px.jpg&#8220; background_enable_image=&#8220;on&#8220; header_font_size_tablet=&#8220;30px&#8220; header_font_size_phone=&#8220;30px&#8220; header_font_size_last_edited=&#8220;on|desktop&#8220; custom_css_slide_title=&#8220;text-shadow: none ! important;&#8220; custom_css_slide_container=&#8220;border-style: solid;||border-radius: 500px;||border-left-width: 1vw;||border-color: #ffffff #ffffff #ffffff #6CCFF0;||box-shadow: -20px 0px 0px 0px #00a7e1;||max-width: 450px;||max-height: 460px ! important;||background: rgba(255,255,255,0.9);||float: right;||margin-bottom: 20px ! important;||margin-top: 20px;||padding-bottom: 0px;||padding-top: 0px;||padding-left: 0px;||padding-right: 0px;&#8220; custom_css_slide_description=&#8220;padding-top: 0 ! important;||padding-bottom: 0 ! important;||text-shadow: none ! important;&#8220; global_colors_info=&#8220;{}&#8220; sticky_transition=&#8220;on&#8220;]<\/p>\n<p>Gerne beraten wir Sie bei Ihnen vor Ort f\u00fcr eine Gefahrenanalyse.<\/p>\n<p>[\/et_pb_slide][\/et_pb_fullwidth_slider][\/et_pb_section][et_pb_section fb_built=&#8220;1&#8243; module_id=&#8220;divi-sticky-header&#8220; _builder_version=&#8220;4.17.5&#8243; _module_preset=&#8220;default&#8220; background_color=&#8220;#FFFFFF&#8220; custom_padding=&#8220;0px||0px||false|false&#8220; locked=&#8220;off&#8220; global_colors_info=&#8220;{}&#8220;][et_pb_row _builder_version=&#8220;4.16&#8243; _module_preset=&#8220;default&#8220; module_alignment=&#8220;center&#8220; custom_padding=&#8220;10px|0px|10px|0px|false|false&#8220; global_colors_info=&#8220;{}&#8220;][et_pb_column type=&#8220;4_4&#8243; _builder_version=&#8220;4.16&#8243; _module_preset=&#8220;default&#8220; global_colors_info=&#8220;{}&#8220;][lwp_divi_breadcrumbs font_icon=&#8220;&#x35;||divi||400&#8243; _builder_version=&#8220;4.16&#8243; _module_preset=&#8220;default&#8220; global_colors_info=&#8220;{}&#8220;][\/lwp_divi_breadcrumbs][\/et_pb_column][\/et_pb_row][\/et_pb_section][et_pb_section fb_built=&#8220;1&#8243; _builder_version=&#8220;4.16&#8243; _module_preset=&#8220;default&#8220; background_color=&#8220;rgba(0,0,0,0.05)&#8220; locked=&#8220;off&#8220; global_colors_info=&#8220;{}&#8220; body_font_size_phone=&#8220;18px&#8220; body_font_size_last_edited=&#8220;on|phone&#8220;][et_pb_row _builder_version=&#8220;4.16&#8243; _module_preset=&#8220;default&#8220; global_colors_info=&#8220;{}&#8220;][et_pb_column type=&#8220;4_4&#8243; _builder_version=&#8220;4.16&#8243; _module_preset=&#8220;default&#8220; global_colors_info=&#8220;{}&#8220;][et_pb_image src=&#8220;https:\/\/tinovachem.ch\/wp-content\/uploads\/2021\/02\/ti_symbol_web.svg&#8220; title_text=&#8220;ti_symbol_web&#8220; _builder_version=&#8220;4.16&#8243; _module_preset=&#8220;default&#8220; max_width=&#8220;80px&#8220; locked=&#8220;off&#8220; global_colors_info=&#8220;{}&#8220;][\/et_pb_image][et_pb_text module_class=&#8220;bkmi-icon-size-1&#8243; _builder_version=&#8220;4.17.5&#8243; _module_preset=&#8220;default&#8220; text_font=&#8220;|300|||||||&#8220; text_font_size=&#8220;20px&#8220; text_line_height=&#8220;1.75em&#8220; link_font=&#8220;Oswald|500|||||||&#8220; link_text_color=&#8220;#00a7e1&#8243; link_font_size=&#8220;18px&#8220; link_letter_spacing=&#8220;1px&#8220; ul_line_height=&#8220;1.75em&#8220; header_font=&#8220;Oswald|300|||||||&#8220; header_font_size=&#8220;60px&#8220; header_letter_spacing=&#8220;1px&#8220; header_line_height=&#8220;1.2em&#8220; header_2_font=&#8220;Oswald|300|||||||&#8220; header_2_font_size=&#8220;36px&#8220; header_2_letter_spacing=&#8220;1px&#8220; header_2_line_height=&#8220;1.5em&#8220; custom_padding=&#8220;||||false|false&#8220; text_font_size_tablet=&#8220;&#8220; text_font_size_phone=&#8220;18px&#8220; text_font_size_last_edited=&#8220;on|phone&#8220; header_2_font_size_tablet=&#8220;36px&#8220; header_2_font_size_phone=&#8220;30px&#8220; header_2_font_size_last_edited=&#8220;on|desktop&#8220; border_color_all=&#8220;#00a7e1&#8243; locked=&#8220;off&#8220; global_colors_info=&#8220;{}&#8220; custom_css_main_element__hover_enabled=&#8220;on|hover&#8220; header_3_text_color__hover_enabled=&#8220;off|desktop&#8220; header_3_text_color__hover=&#8220;#00a7e1&#8243; background_color__hover=&#8220;&#8220; background_enable_color__hover=&#8220;off&#8220; background__hover_enabled=&#8220;on|hover&#8220;]<\/p>\n<h1>Wissenschaftliche Publikationen<\/h1>\n<p style=\"text-align: left;\">Diverse wissenschaftliche Publikationen best\u00e4tigen die Effizienz von Diphot\u00e9rine\u00ae und Hexafluorine\u00ae. Untenstehend finden Sie diverse Publikationen \u2013 bitte kontaktieren Sie uns, wenn Sie mehr Informationen ben\u00f6tigen. Gerne senden wir Ihnen auf Wunsch mehr wissenschaftliche Publikationen zu.<\/p>\n<p>[\/et_pb_text][et_pb_text module_class=&#8220;bkmi-icon-size-1&#8243; _builder_version=&#8220;4.27.0&#8243; _module_preset=&#8220;default&#8220; text_font=&#8220;|300|||||||&#8220; text_font_size=&#8220;20px&#8220; text_line_height=&#8220;1.75em&#8220; link_font=&#8220;Oswald|500|||||||&#8220; link_text_color=&#8220;#00a7e1&#8243; link_font_size=&#8220;18px&#8220; link_letter_spacing=&#8220;1px&#8220; ul_line_height=&#8220;1.75em&#8220; header_font=&#8220;Oswald|300|||||||&#8220; header_font_size=&#8220;60px&#8220; header_letter_spacing=&#8220;1px&#8220; header_line_height=&#8220;1.2em&#8220; header_2_font=&#8220;Oswald|300|||||||&#8220; header_2_font_size=&#8220;36px&#8220; header_2_letter_spacing=&#8220;1px&#8220; header_2_line_height=&#8220;1.5em&#8220; custom_padding=&#8220;||||false|false&#8220; hover_enabled=&#8220;0&#8243; text_font_size_tablet=&#8220;&#8220; text_font_size_phone=&#8220;18px&#8220; text_font_size_last_edited=&#8220;on|phone&#8220; header_2_font_size_tablet=&#8220;36px&#8220; header_2_font_size_phone=&#8220;30px&#8220; header_2_font_size_last_edited=&#8220;on|desktop&#8220; border_color_all=&#8220;#00a7e1&#8243; locked=&#8220;off&#8220; global_colors_info=&#8220;{}&#8220; custom_css_main_element__hover_enabled=&#8220;on|hover&#8220; header_3_text_color__hover_enabled=&#8220;off|desktop&#8220; header_3_text_color__hover=&#8220;#00a7e1&#8243; background_color__hover=&#8220;&#8220; background_enable_color__hover=&#8220;off&#8220; background__hover_enabled=&#8220;on|hover&#8220; sticky_enabled=&#8220;0&#8243;]Diphot\u00e9rine\u00ae:<\/p>\n<ul>\n<li><a href=\"https:\/\/tinovachem.ch\/wp-content\/uploads\/2023\/03\/Jeffery_-_Kulkarni_-_Burns_-_2018.pdf\" rel=\"attachment wp-att-3907 noopener\" target=\"_blank\">The effects of the use of Diphoterine\u00ae solution on chimcal burns in the Tarapur industrial complex, India. Jeffery, Kulkarni, Burns, 2018<\/a><\/li>\n<li><a href=\"https:\/\/tinovachem.ch\/wp-content\/uploads\/2023\/03\/Schrage_-_Corrosifs_-_EMIG-2021.pdf\" rel=\"attachment wp-att-3909 noopener\" target=\"_blank\">Effect of initial Decontamination on 1136 clinical exposures with highly corrosive chemicals. Wiesner, Edelmann, Uthoff, Schrage, 2021<\/a><\/li>\n<li><a href=\"https:\/\/tinovachem.ch\/wp-content\/uploads\/2023\/03\/Use_of_an_Amphoteric_Solution_in_Eye_skin_and_oral_exposures_-_Dr_Fortin_-_2017.pdf\" rel=\"attachment wp-att-3911 noopener\" target=\"_blank\">Use of an Amphoteric Solution in Eye, Skin and Oral Chemical Exposures: Retrospective Multicenter Clinical Case Series. Dr. Fortin, 2017<\/a><\/li>\n<\/ul>\n<p>Hexafluorine\u00ae:<\/p>\n<ul>\n<li><a href=\"https:\/\/tinovachem.ch\/wp-content\/uploads\/2023\/03\/ijo-08-01-157_Treatment_of_hydrofluoric_acid_exposure_to_the_eye_-_Atley.pdf\" rel=\"attachment wp-att-3915 noopener\" target=\"_blank\">Treatment of hydrofluoric acid exposure to the eye. Atley, Ridyard, 2015<\/a> <a href=\"https:\/\/tinovachem.ch\/wp-content\/uploads\/2023\/03\/Part-1_epub_2010_11152010.pdf\" rel=\"attachment wp-att-3917 noopener\" target=\"_blank\">Part 1_epub_2010_11152010<\/a><\/li>\n<li><a href=\"https:\/\/tinovachem.ch\/wp-content\/uploads\/2023\/03\/Part-1_epub_2010_11152010.pdf\" rel=\"attachment wp-att-3917 noopener\" target=\"_blank\">Experimental 70% hydrofluoric acid burns: histological observations in an established human skin explants ex vivo model. Burgher et al., 2010<\/a><\/li>\n<\/ul>\n<p>[\/et_pb_text][\/et_pb_column][\/et_pb_row][\/et_pb_section]<\/p>\n","protected":false},"excerpt":{"rendered":"<p>Gerne beraten wir Sie bei Ihnen vor Ort f\u00fcr eine Gefahrenanalyse.<div class=\"et_pb_module lwp_divi_breadcrumbs lwp_divi_breadcrumbs_0\">\n\t\t\t\t\n\t\t\t\t\n\t\t\t\t\n\t\t\t\t\n\t\t\t\t\n\t\t\t\t\n\t\t\t\t<div class=\"et_pb_module_inner\">\n\t\t\t\t\t<div class=\"lwp-breadcrumbs\"> <span class=\"before\"><\/span> <span vocab=\"https:\/\/schema.org\/\" typeof=\"BreadcrumbList\"><span property=\"itemListElement\" typeof=\"ListItem\"><a property=\"item\" typeof=\"WebPage\" href=\"https:\/\/tinovachem.ch\/de\/\" class=\"home\"><span property=\"name\">Home<\/span><\/a><meta property=\"position\" content=\"1\"><\/span> <span class=\"separator et-pb-icon\">5<\/span> <\/span><\/div>\n\t\t\t\t<\/div>\n\t\t\t<\/div>Wissenschaftliche Publikationen Diverse wissenschaftliche Publikationen best\u00e4tigen die Effizienz von Diphot\u00e9rine\u00ae und Hexafluorine\u00ae. Untenstehend finden Sie diverse Publikationen \u2013 bitte kontaktieren Sie uns, wenn Sie mehr Informationen ben\u00f6tigen. Gerne senden wir Ihnen auf Wunsch mehr wissenschaftliche Publikationen zu.Diphot\u00e9rine\u00ae: The effects of the [&hellip;]<\/p>\n","protected":false},"author":2,"featured_media":0,"parent":2413,"menu_order":0,"comment_status":"closed","ping_status":"closed","template":"","meta":{"_acf_changed":false,"_et_pb_use_builder":"on","_et_pb_old_content":"<!-- wp:divi\/placeholder \/-->","_et_gb_content_width":"","footnotes":""},"class_list":["post-2422","page","type-page","status-publish","hentry"],"acf":[],"yoast_head":"<!-- This site is optimized with the Yoast SEO plugin v25.2 - https:\/\/yoast.com\/wordpress\/plugins\/seo\/ -->\n<title>Wissenschaftliche Publikationen zu Diphot\u00e9rine und Hexafluorine<\/title>\n<meta name=\"description\" content=\"Diverse wissenschaftliche Publikationen best\u00e4tigen die Effizienz von Diphot\u00e9rine\u00ae und Hexafluorine\u00ae. Kontaktieren Sie uns f\u00fcr eine Beratung!\" \/>\n<meta name=\"robots\" content=\"index, follow, max-snippet:-1, max-image-preview:large, max-video-preview:-1\" \/>\n<link rel=\"canonical\" href=\"https:\/\/tinovachem.ch\/de\/downloads\/wissenschaftliche-publikationen\/\" \/>\n<meta property=\"og:locale\" content=\"de_DE\" \/>\n<meta property=\"og:type\" content=\"article\" \/>\n<meta property=\"og:title\" content=\"Wissenschaftliche Publikationen zu Diphot\u00e9rine und Hexafluorine\" \/>\n<meta property=\"og:description\" content=\"Diverse wissenschaftliche Publikationen best\u00e4tigen die Effizienz von Diphot\u00e9rine\u00ae und Hexafluorine\u00ae. Kontaktieren Sie uns f\u00fcr eine Beratung!\" \/>\n<meta property=\"og:url\" content=\"https:\/\/tinovachem.ch\/de\/downloads\/wissenschaftliche-publikationen\/\" \/>\n<meta property=\"og:site_name\" content=\"Tinovachem\" \/>\n<meta property=\"article:modified_time\" content=\"2025-04-22T12:23:52+00:00\" \/>\n<meta name=\"twitter:card\" content=\"summary_large_image\" \/>\n<meta name=\"twitter:label1\" content=\"Gesch\u00e4tzte Lesezeit\" \/>\n\t<meta name=\"twitter:data1\" content=\"3\u00a0Minuten\" \/>\n<script type=\"application\/ld+json\" class=\"yoast-schema-graph\">{\"@context\":\"https:\/\/schema.org\",\"@graph\":[{\"@type\":\"WebPage\",\"@id\":\"https:\/\/tinovachem.ch\/de\/downloads\/wissenschaftliche-publikationen\/\",\"url\":\"https:\/\/tinovachem.ch\/de\/downloads\/wissenschaftliche-publikationen\/\",\"name\":\"Wissenschaftliche Publikationen zu Diphot\u00e9rine und Hexafluorine\",\"isPartOf\":{\"@id\":\"https:\/\/tinovachem.ch\/de\/#website\"},\"datePublished\":\"2021-03-04T16:09:12+00:00\",\"dateModified\":\"2025-04-22T12:23:52+00:00\",\"description\":\"Diverse wissenschaftliche Publikationen best\u00e4tigen die Effizienz von Diphot\u00e9rine\u00ae und Hexafluorine\u00ae. Kontaktieren Sie uns f\u00fcr eine Beratung!\",\"breadcrumb\":{\"@id\":\"https:\/\/tinovachem.ch\/de\/downloads\/wissenschaftliche-publikationen\/#breadcrumb\"},\"inLanguage\":\"de\",\"potentialAction\":[{\"@type\":\"ReadAction\",\"target\":[\"https:\/\/tinovachem.ch\/de\/downloads\/wissenschaftliche-publikationen\/\"]}]},{\"@type\":\"BreadcrumbList\",\"@id\":\"https:\/\/tinovachem.ch\/de\/downloads\/wissenschaftliche-publikationen\/#breadcrumb\",\"itemListElement\":[{\"@type\":\"ListItem\",\"position\":1,\"name\":\"Startseite\",\"item\":\"https:\/\/tinovachem.ch\/de\/\"},{\"@type\":\"ListItem\",\"position\":2,\"name\":\"Downloads\",\"item\":\"https:\/\/tinovachem.ch\/de\/downloads\/\"},{\"@type\":\"ListItem\",\"position\":3,\"name\":\"Wissenschaftliche Publikationen\"}]},{\"@type\":\"WebSite\",\"@id\":\"https:\/\/tinovachem.ch\/de\/#website\",\"url\":\"https:\/\/tinovachem.ch\/de\/\",\"name\":\"Tinovachem\",\"description\":\"\",\"potentialAction\":[{\"@type\":\"SearchAction\",\"target\":{\"@type\":\"EntryPoint\",\"urlTemplate\":\"https:\/\/tinovachem.ch\/de\/?s={search_term_string}\"},\"query-input\":{\"@type\":\"PropertyValueSpecification\",\"valueRequired\":true,\"valueName\":\"search_term_string\"}}],\"inLanguage\":\"de\"}]}<\/script>\n<!-- \/ Yoast SEO plugin. -->","yoast_head_json":{"title":"Wissenschaftliche Publikationen zu Diphot\u00e9rine und Hexafluorine","description":"Diverse wissenschaftliche Publikationen best\u00e4tigen die Effizienz von Diphot\u00e9rine\u00ae und Hexafluorine\u00ae. Kontaktieren Sie uns f\u00fcr eine Beratung!","robots":{"index":"index","follow":"follow","max-snippet":"max-snippet:-1","max-image-preview":"max-image-preview:large","max-video-preview":"max-video-preview:-1"},"canonical":"https:\/\/tinovachem.ch\/de\/downloads\/wissenschaftliche-publikationen\/","og_locale":"de_DE","og_type":"article","og_title":"Wissenschaftliche Publikationen zu Diphot\u00e9rine und Hexafluorine","og_description":"Diverse wissenschaftliche Publikationen best\u00e4tigen die Effizienz von Diphot\u00e9rine\u00ae und Hexafluorine\u00ae. Kontaktieren Sie uns f\u00fcr eine Beratung!","og_url":"https:\/\/tinovachem.ch\/de\/downloads\/wissenschaftliche-publikationen\/","og_site_name":"Tinovachem","article_modified_time":"2025-04-22T12:23:52+00:00","twitter_card":"summary_large_image","twitter_misc":{"Gesch\u00e4tzte Lesezeit":"3\u00a0Minuten"},"schema":{"@context":"https:\/\/schema.org","@graph":[{"@type":"WebPage","@id":"https:\/\/tinovachem.ch\/de\/downloads\/wissenschaftliche-publikationen\/","url":"https:\/\/tinovachem.ch\/de\/downloads\/wissenschaftliche-publikationen\/","name":"Wissenschaftliche Publikationen zu Diphot\u00e9rine und Hexafluorine","isPartOf":{"@id":"https:\/\/tinovachem.ch\/de\/#website"},"datePublished":"2021-03-04T16:09:12+00:00","dateModified":"2025-04-22T12:23:52+00:00","description":"Diverse wissenschaftliche Publikationen best\u00e4tigen die Effizienz von Diphot\u00e9rine\u00ae und Hexafluorine\u00ae. Kontaktieren Sie uns f\u00fcr eine Beratung!","breadcrumb":{"@id":"https:\/\/tinovachem.ch\/de\/downloads\/wissenschaftliche-publikationen\/#breadcrumb"},"inLanguage":"de","potentialAction":[{"@type":"ReadAction","target":["https:\/\/tinovachem.ch\/de\/downloads\/wissenschaftliche-publikationen\/"]}]},{"@type":"BreadcrumbList","@id":"https:\/\/tinovachem.ch\/de\/downloads\/wissenschaftliche-publikationen\/#breadcrumb","itemListElement":[{"@type":"ListItem","position":1,"name":"Startseite","item":"https:\/\/tinovachem.ch\/de\/"},{"@type":"ListItem","position":2,"name":"Downloads","item":"https:\/\/tinovachem.ch\/de\/downloads\/"},{"@type":"ListItem","position":3,"name":"Wissenschaftliche Publikationen"}]},{"@type":"WebSite","@id":"https:\/\/tinovachem.ch\/de\/#website","url":"https:\/\/tinovachem.ch\/de\/","name":"Tinovachem","description":"","potentialAction":[{"@type":"SearchAction","target":{"@type":"EntryPoint","urlTemplate":"https:\/\/tinovachem.ch\/de\/?s={search_term_string}"},"query-input":{"@type":"PropertyValueSpecification","valueRequired":true,"valueName":"search_term_string"}}],"inLanguage":"de"}]}},"_links":{"self":[{"href":"https:\/\/tinovachem.ch\/de\/wp-json\/wp\/v2\/pages\/2422"}],"collection":[{"href":"https:\/\/tinovachem.ch\/de\/wp-json\/wp\/v2\/pages"}],"about":[{"href":"https:\/\/tinovachem.ch\/de\/wp-json\/wp\/v2\/types\/page"}],"author":[{"embeddable":true,"href":"https:\/\/tinovachem.ch\/de\/wp-json\/wp\/v2\/users\/2"}],"replies":[{"embeddable":true,"href":"https:\/\/tinovachem.ch\/de\/wp-json\/wp\/v2\/comments?post=2422"}],"version-history":[{"count":17,"href":"https:\/\/tinovachem.ch\/de\/wp-json\/wp\/v2\/pages\/2422\/revisions"}],"predecessor-version":[{"id":5788,"href":"https:\/\/tinovachem.ch\/de\/wp-json\/wp\/v2\/pages\/2422\/revisions\/5788"}],"up":[{"embeddable":true,"href":"https:\/\/tinovachem.ch\/de\/wp-json\/wp\/v2\/pages\/2413"}],"wp:attachment":[{"href":"https:\/\/tinovachem.ch\/de\/wp-json\/wp\/v2\/media?parent=2422"}],"curies":[{"name":"wp","href":"https:\/\/api.w.org\/{rel}","templated":true}]}}